{"id":547,"date":"2023-06-13T09:40:03","date_gmt":"2023-06-13T07:40:03","guid":{"rendered":"https:\/\/veohome.com\/de\/?page_id=547"},"modified":"2023-06-13T09:40:04","modified_gmt":"2023-06-13T07:40:04","slug":"french-press-kaffeebereiter","status":"publish","type":"page","link":"https:\/\/veohome.com\/de\/french-press-kaffeebereiter\/","title":{"rendered":"French Press Kaffeebereiter"},"content":{"rendered":"\n<figure class=\"wp-block-image size-full is-resized\"><img loading=\"lazy\" decoding=\"async\" src=\"https:\/\/veohome.com\/de\/wp-content\/uploads\/sites\/4\/2023\/06\/1-2.jpg\" alt=\"\" class=\"wp-image-548\" width=\"485\" height=\"275\" srcset=\"https:\/\/veohome.com\/de\/wp-content\/uploads\/sites\/4\/2023\/06\/1-2.jpg 970w, https:\/\/veohome.com\/de\/wp-content\/uploads\/sites\/4\/2023\/06\/1-2-300x170.jpg 300w, https:\/\/veohome.com\/de\/wp-content\/uploads\/sites\/4\/2023\/06\/1-2-768x435.jpg 768w, https:\/\/veohome.com\/de\/wp-content\/uploads\/sites\/4\/2023\/06\/1-2-600x340.jpg 600w\" sizes=\"auto, (max-width: 485px) 100vw, 485px\" \/><\/figure>\n\n\n<style>.wp-block-kadence-advancedheading.kt-adv-heading_ff7383-47, .wp-block-kadence-advancedheading.kt-adv-heading_ff7383-47[data-kb-block=\"kb-adv-heading_ff7383-47\"]{font-style:normal;}.wp-block-kadence-advancedheading.kt-adv-heading_ff7383-47 mark.kt-highlight, .wp-block-kadence-advancedheading.kt-adv-heading_ff7383-47[data-kb-block=\"kb-adv-heading_ff7383-47\"] mark.kt-highlight{font-style:normal;color:#f76a0c;-webkit-box-decoration-break:clone;box-decoration-break:clone;padding-top:0px;padding-right:0px;padding-bottom:0px;padding-left:0px;}.wp-block-kadence-advancedheading.kt-adv-heading_ff7383-47 img.kb-inline-image, .wp-block-kadence-advancedheading.kt-adv-heading_ff7383-47[data-kb-block=\"kb-adv-heading_ff7383-47\"] img.kb-inline-image{width:150px;vertical-align:baseline;}<\/style>\n<h3 class=\"kt-adv-heading_ff7383-47 wp-block-kadence-advancedheading\" data-kb-block=\"kb-adv-heading_ff7383-47\">Die 10 Schritte zur Zubereitung eines hervorragenden Kaffees mit der VeoHome French Press<\/h3>\n\n\n\n<ul class=\"wp-block-list\">\n<li>Stellen Sie sicher, dass die VeoHome-Kaffeemaschine vorher gr\u00fcndlich gereinigt wurde.<\/li>\n\n\n\n<li>Nehmen Sie den Kolben aus der Kaffeemaschine.<\/li>\n\n\n\n<li>Mahlen Sie den Kaffee mit der VeoHome-Kaffeem\u00fchle oder geben Sie direkt gemahlenen Kaffee in die Kaffeemaschine. Die Standarddosierung entspricht einem Essl\u00f6ffel pro Person, also etwa 10g. Achtung! Die Gr\u00f6\u00dfe des Mahlguts ist sehr wichtig f\u00fcr einen guten Kaffee. French-Press-Kaffeemaschinen haben eine lange Ziehzeit (5 bis 6 Minuten). Um zu vermeiden, dass der Kaffee zu stark aufgebr\u00fcht wird, sollte das Korn mittel bis grob gemahlen sein (2 bis 3 mm). Dies verhindert auch, dass die Filter verstopfen, was unweigerlich bei kommerziell gemahlenem Kaffee passiert, der viel zu fein ist.<\/li>\n\n\n\n<li>Gie\u00dfen Sie hei\u00dfes Wasser von etwa 85\u00b0C in die Kaffeemaschine. Das Wasser darf nicht kochen, da es sonst den Kaffee verbrennt und alle seine Aromen zerst\u00f6rt. Stellen Sie sicher, dass Sie mindestens 2,5 cm vom Rand der Kaffeemaschine stoppen, damit sie beim Schlie\u00dfen nicht \u00fcberl\u00e4uft.<\/li>\n\n\n\n<li>Mischen Sie den Kaffee und das Wasser sanft mit einem L\u00f6ffel, um die Mischung zu homogenisieren.<\/li>\n\n\n\n<li>Setzen Sie den Deckel wieder auf, mit dem Filter oberhalb der Kaffeeebene (Kolben in hoher Position). Achten Sie darauf, dass die \u00d6ffnung im Deckel gut vom Ausguss versetzt ist.<\/li>\n\n\n\n<li>Lassen Sie es etwa 5 bis 6 Minuten ruhen. Wenn die Ziehzeit nicht eingehalten wird, ist der Kaffee entweder zu leicht (nicht genug gebr\u00fcht) oder im Gegenteil zu stark.<\/li>\n\n\n\n<li>Nach Ablauf der Ziehzeit dr\u00fccken Sie sanft mit Ihrer Hand, um den Kolben herunterzudr\u00fccken.<\/li>\n\n\n\n<li>Wenn der Mahlgrad zu fein ist, kann es passieren, dass der Filter verstopft. Entfernen Sie dann den Kolben und sp\u00fclen Sie ihn unter Wasser ab. Mischen Sie erneut und dr\u00fccken Sie den Kolben herunter.<\/li>\n\n\n\n<li>Richten Sie die \u00d6ffnung des Deckels auf den Ausguss aus und gie\u00dfen Sie den Kaffee in vorgew\u00e4rmte Tassen.<\/li>\n<\/ul>\n\n\n\n<figure class=\"wp-block-image size-full is-resized\"><img loading=\"lazy\" decoding=\"async\" src=\"https:\/\/veohome.com\/de\/wp-content\/uploads\/sites\/4\/2023\/06\/2-2.jpg\" alt=\"\" class=\"wp-image-549\" width=\"485\" height=\"275\" srcset=\"https:\/\/veohome.com\/de\/wp-content\/uploads\/sites\/4\/2023\/06\/2-2.jpg 970w, https:\/\/veohome.com\/de\/wp-content\/uploads\/sites\/4\/2023\/06\/2-2-300x170.jpg 300w, https:\/\/veohome.com\/de\/wp-content\/uploads\/sites\/4\/2023\/06\/2-2-768x435.jpg 768w, https:\/\/veohome.com\/de\/wp-content\/uploads\/sites\/4\/2023\/06\/2-2-600x340.jpg 600w\" sizes=\"auto, (max-width: 485px) 100vw, 485px\" \/><\/figure>\n\n\n<style>.wp-block-kadence-advancedheading.kt-adv-heading_88dae4-0c, .wp-block-kadence-advancedheading.kt-adv-heading_88dae4-0c[data-kb-block=\"kb-adv-heading_88dae4-0c\"]{font-style:normal;}.wp-block-kadence-advancedheading.kt-adv-heading_88dae4-0c mark.kt-highlight, .wp-block-kadence-advancedheading.kt-adv-heading_88dae4-0c[data-kb-block=\"kb-adv-heading_88dae4-0c\"] mark.kt-highlight{font-style:normal;color:#f76a0c;-webkit-box-decoration-break:clone;box-decoration-break:clone;padding-top:0px;padding-right:0px;padding-bottom:0px;padding-left:0px;}.wp-block-kadence-advancedheading.kt-adv-heading_88dae4-0c img.kb-inline-image, .wp-block-kadence-advancedheading.kt-adv-heading_88dae4-0c[data-kb-block=\"kb-adv-heading_88dae4-0c\"] img.kb-inline-image{width:150px;vertical-align:baseline;}<\/style>\n<h3 class=\"kt-adv-heading_88dae4-0c wp-block-kadence-advancedheading\" data-kb-block=\"kb-adv-heading_88dae4-0c\">Pflegetipps, um weiterhin lange Zeit, sehr lange Zeit, ausgezeichneten Kaffee zu trinken:<\/h3>\n\n\n\n<p>Reinigen Sie die VeoHome-Kaffeemaschine nach jeder Benutzung in warmem Seifenwasser.<br>Verwenden Sie keine abrasiven Schw\u00e4mme, die die Oberfl\u00e4che zerkratzen k\u00f6nnen.<br>Stellen Sie sicher, dass der Filter sauber ist und keine K\u00f6rner in den L\u00f6chern stecken.<br>Trocknen Sie es perfekt mit einem weichen Tuch ab.<\/p>\n\n\n<style>.wp-block-kadence-advancedheading.kt-adv-heading_d0fe5d-90, .wp-block-kadence-advancedheading.kt-adv-heading_d0fe5d-90[data-kb-block=\"kb-adv-heading_d0fe5d-90\"]{font-style:normal;}.wp-block-kadence-advancedheading.kt-adv-heading_d0fe5d-90 mark.kt-highlight, .wp-block-kadence-advancedheading.kt-adv-heading_d0fe5d-90[data-kb-block=\"kb-adv-heading_d0fe5d-90\"] mark.kt-highlight{font-style:normal;color:#f76a0c;-webkit-box-decoration-break:clone;box-decoration-break:clone;padding-top:0px;padding-right:0px;padding-bottom:0px;padding-left:0px;}.wp-block-kadence-advancedheading.kt-adv-heading_d0fe5d-90 img.kb-inline-image, .wp-block-kadence-advancedheading.kt-adv-heading_d0fe5d-90[data-kb-block=\"kb-adv-heading_d0fe5d-90\"] img.kb-inline-image{width:150px;vertical-align:baseline;}<\/style>\n<h3 class=\"kt-adv-heading_d0fe5d-90 wp-block-kadence-advancedheading\" data-kb-block=\"kb-adv-heading_d0fe5d-90\">Spezifische Anweisungen zur Pflege von Edelstahl.<\/h3>\n\n\n\n<p>L\u00e4ngerer Kontakt mit korrosiven Substanzen wie Reinigungsmitteln kann Edelstahl besch\u00e4digen. Um die Langlebigkeit der Kaffeemaschine zu gew\u00e4hrleisten:<br>Lassen Sie keinen Schmutz auf der Oberfl\u00e4che des Stahls trocknen. Reinigen und trocknen Sie die Kaffeemaschine immer sofort nach Gebrauch.<br>Die Kaffeemaschine kann in der Sp\u00fclmaschine gereinigt werden. Lassen Sie die Kaffeemaschine jedoch nicht in der Sp\u00fclmaschine trocknen, da R\u00fcckst\u00e4nde daran haften bleiben und das Material korrodieren k\u00f6nnten. Sobald der Reinigungszyklus abgeschlossen ist, nehmen Sie die Kaffeemaschine heraus und trocknen Sie sie ordnungsgem\u00e4\u00df mit einem trockenen, weichen Tuch.<br>Verwenden Sie nicht den &#8222;Vorsp\u00fclen&#8220;-Modus der Sp\u00fclmaschine mit der Kaffeemaschine.<br>Waschen Sie Besteck oder Geschirr aus Silberstahl getrennt von der Kaffeemaschine, um das Silbergeschirr nicht zu besch\u00e4digen.<\/p>\n\n\n<style>.wp-block-kadence-advancedheading.kt-adv-heading_c901a1-1c, .wp-block-kadence-advancedheading.kt-adv-heading_c901a1-1c[data-kb-block=\"kb-adv-heading_c901a1-1c\"]{font-style:normal;}.wp-block-kadence-advancedheading.kt-adv-heading_c901a1-1c mark.kt-highlight, .wp-block-kadence-advancedheading.kt-adv-heading_c901a1-1c[data-kb-block=\"kb-adv-heading_c901a1-1c\"] mark.kt-highlight{font-style:normal;color:#f76a0c;-webkit-box-decoration-break:clone;box-decoration-break:clone;padding-top:0px;padding-right:0px;padding-bottom:0px;padding-left:0px;}.wp-block-kadence-advancedheading.kt-adv-heading_c901a1-1c img.kb-inline-image, .wp-block-kadence-advancedheading.kt-adv-heading_c901a1-1c[data-kb-block=\"kb-adv-heading_c901a1-1c\"] img.kb-inline-image{width:150px;vertical-align:baseline;}<\/style>\n<h3 class=\"kt-adv-heading_c901a1-1c wp-block-kadence-advancedheading\" data-kb-block=\"kb-adv-heading_c901a1-1c\">Sicherheitshinweis:<\/h3>\n\n\n\n<p>Stellen Sie die Kaffeemaschine immer auf eine flache, rutschfeste Oberfl\u00e4che.<br>Wenn Sie zu abrupt auf den Kolben dr\u00fccken, kann hei\u00dfes Wasser aus der Kaffeemaschine ausgesto\u00dfen werden und Verbrennungen verursachen.<br>Seien Sie vorsichtig beim Umgang mit hei\u00dfen Fl\u00fcssigkeiten, um Verbrennungen zu vermeiden.<\/p>\n\n\n\n<figure class=\"wp-block-image size-full is-resized\"><img loading=\"lazy\" decoding=\"async\" src=\"https:\/\/veohome.com\/de\/wp-content\/uploads\/sites\/4\/2023\/06\/3-2.jpg\" alt=\"\" class=\"wp-image-550\" width=\"485\" height=\"275\" srcset=\"https:\/\/veohome.com\/de\/wp-content\/uploads\/sites\/4\/2023\/06\/3-2.jpg 970w, https:\/\/veohome.com\/de\/wp-content\/uploads\/sites\/4\/2023\/06\/3-2-300x170.jpg 300w, https:\/\/veohome.com\/de\/wp-content\/uploads\/sites\/4\/2023\/06\/3-2-768x435.jpg 768w, https:\/\/veohome.com\/de\/wp-content\/uploads\/sites\/4\/2023\/06\/3-2-600x340.jpg 600w\" sizes=\"auto, (max-width: 485px) 100vw, 485px\" \/><\/figure>\n","protected":false},"excerpt":{"rendered":"<p>Die 10 Schritte zur Zubereitung eines hervorragenden Kaffees mit der VeoHome French Press Pflegetipps, um weiterhin lange Zeit, sehr lange Zeit, ausgezeichneten Kaffee zu trinken: Reinigen Sie die VeoHome-Kaffeemaschine nach jeder Benutzung in warmem Seifenwasser.Verwenden Sie keine abrasiven Schw\u00e4mme, die &hellip; <a class=\"kt-excerpt-readmore\" href=\"https:\/\/veohome.com\/de\/french-press-kaffeebereiter\/\" aria-label=\"French Press Kaffeebereiter\">Read More<\/a><\/p>\n","protected":false},"author":4,"featured_media":0,"parent":0,"menu_order":0,"comment_status":"closed","ping_status":"closed","template":"","meta":{"kt_blocks_editor_width":"","footnotes":""},"class_list":["post-547","page","type-page","status-publish","hentry"],"_links":{"self":[{"href":"https:\/\/veohome.com\/de\/wp-json\/wp\/v2\/pages\/547","targetHints":{"allow":["GET"]}}],"collection":[{"href":"https:\/\/veohome.com\/de\/wp-json\/wp\/v2\/pages"}],"about":[{"href":"https:\/\/veohome.com\/de\/wp-json\/wp\/v2\/types\/page"}],"author":[{"embeddable":true,"href":"https:\/\/veohome.com\/de\/wp-json\/wp\/v2\/users\/4"}],"replies":[{"embeddable":true,"href":"https:\/\/veohome.com\/de\/wp-json\/wp\/v2\/comments?post=547"}],"version-history":[{"count":1,"href":"https:\/\/veohome.com\/de\/wp-json\/wp\/v2\/pages\/547\/revisions"}],"predecessor-version":[{"id":551,"href":"https:\/\/veohome.com\/de\/wp-json\/wp\/v2\/pages\/547\/revisions\/551"}],"wp:attachment":[{"href":"https:\/\/veohome.com\/de\/wp-json\/wp\/v2\/media?parent=547"}],"curies":[{"name":"wp","href":"https:\/\/api.w.org\/{rel}","templated":true}]}}