{"id":185,"date":"2022-01-13T04:57:31","date_gmt":"2022-01-13T03:57:31","guid":{"rendered":"https:\/\/veohome.com\/de\/?post_type=product&#038;p=185"},"modified":"2026-05-12T05:44:15","modified_gmt":"2026-05-12T03:44:15","slug":"dichtungen-fuer-mokka-pot-espressokocher","status":"publish","type":"product","link":"https:\/\/veohome.com\/de\/produit\/dichtungen-fuer-mokka-pot-espressokocher\/","title":{"rendered":"Dichtungen f\u00fcr Mokka Pot Espressokocher"},"content":{"rendered":"<p>gg<\/p>\n","protected":false},"excerpt":{"rendered":"<p>Dichtungen f\u00fcr Mokka Pot Espressokocher 300 ml, 360 ml und 500 ml VeoHome. Bitte w\u00e4hlen Sie Ihr Modell sorgf\u00e4ltig aus.<\/p>\n<p>Fugenabmessungen:<\/p>\n<p>300 ml au\u00dfen 7,4 cm; innen: 5,6 cm<\/p>\n<p>360 und 500 ml: au\u00dfen 8,5 cm; innen 7,0 cm<\/p>\n","protected":false},"featured_media":412,"comment_status":"open","ping_status":"closed","template":"","meta":{"kt_blocks_editor_width":""},"product_brand":[],"product_cat":[24],"product_tag":[],"class_list":{"0":"post-185","1":"product","2":"type-product","3":"status-publish","4":"has-post-thumbnail","6":"product_cat-kaffee-tee-espresso","8":"first","9":"instock","10":"taxable","11":"shipping-taxable","12":"purchasable","13":"product-type-variable"},"_links":{"self":[{"href":"https:\/\/veohome.com\/de\/wp-json\/wp\/v2\/product\/185","targetHints":{"allow":["GET"]}}],"collection":[{"href":"https:\/\/veohome.com\/de\/wp-json\/wp\/v2\/product"}],"about":[{"href":"https:\/\/veohome.com\/de\/wp-json\/wp\/v2\/types\/product"}],"replies":[{"embeddable":true,"href":"https:\/\/veohome.com\/de\/wp-json\/wp\/v2\/comments?post=185"}],"wp:featuredmedia":[{"embeddable":true,"href":"https:\/\/veohome.com\/de\/wp-json\/wp\/v2\/media\/412"}],"wp:attachment":[{"href":"https:\/\/veohome.com\/de\/wp-json\/wp\/v2\/media?parent=185"}],"wp:term":[{"taxonomy":"product_brand","embeddable":true,"href":"https:\/\/veohome.com\/de\/wp-json\/wp\/v2\/product_brand?post=185"},{"taxonomy":"product_cat","embeddable":true,"href":"https:\/\/veohome.com\/de\/wp-json\/wp\/v2\/product_cat?post=185"},{"taxonomy":"product_tag","embeddable":true,"href":"https:\/\/veohome.com\/de\/wp-json\/wp\/v2\/product_tag?post=185"}],"curies":[{"name":"wp","href":"https:\/\/api.w.org\/{rel}","templated":true}]}}