{"id":22,"date":"2018-06-25T06:02:42","date_gmt":"2018-06-25T04:02:42","guid":{"rendered":"https:\/\/veohome.com\/de\/?post_type=product&#038;p=22"},"modified":"2026-04-28T17:32:12","modified_gmt":"2026-04-28T15:32:12","slug":"kaffeebereiter-kaffeekanne","status":"publish","type":"product","link":"https:\/\/veohome.com\/de\/produit\/kaffeebereiter-kaffeekanne\/","title":{"rendered":"French Press Kaffeebereiter Kaffeekanne"},"content":{"rendered":"\r\n<h2><strong>Entdecken Sie die Kunst des Handbrauens<\/strong> mit unserer <strong>French Press aus Edelstahl<\/strong> &#8211; der Schl\u00fcssel zu einem perfekten Kaffeeerlebnis, jederzeit und \u00fcberall.<\/h2>\r\n<p><img loading=\"lazy\" decoding=\"async\" title=\"1\" src=\"https:\/\/veohome.com\/de\/wp-content\/uploads\/sites\/4\/2018\/06\/1-4.jpg\" alt=\"1\" width=\"300\" height=\"300\" \/><\/p>\r\n<p>Unsere <strong>French Press aus hochwertigem Edelstahl<\/strong> bietet Ihnen eine robuste und langlebige Alternative zu herk\u00f6mmlichen Kaffeebereitern.<\/p>\r\n<p><img loading=\"lazy\" decoding=\"async\" title=\"7\" src=\"https:\/\/veohome.com\/de\/wp-content\/uploads\/sites\/4\/2018\/06\/7-5.jpg\" alt=\"7\" width=\"300\" height=\"300\" \/><\/p>\r\n<p>Die <strong>Kaffee Dr\u00fcckkanne aus Edelstahl<\/strong> mit <strong>doppelwandiger Konstruktion<\/strong> garantiert, dass Ihr Kaffee l\u00e4nger warm bleibt und erm\u00f6glicht eine optimale Aromenentfaltung. Genie\u00dfen Sie jeden Schluck Kaffee in vollen Z\u00fcgen.<\/p>\r\n<p><img loading=\"lazy\" decoding=\"async\" title=\"16\" src=\"https:\/\/veohome.com\/de\/wp-content\/uploads\/sites\/4\/2018\/06\/16.jpg\" alt=\"16\" width=\"300\" height=\"300\" \/><\/p>\r\n<p>Unsere <strong>French Press<\/strong> ist besonders einfach in der Handhabung und kommt mit zwei zus\u00e4tzlichen <strong>Edelstahl-Filtern<\/strong>, die f\u00fcr eine saubere und hygienische Kaffeezubereitung sorgen.<\/p>\r\n<p><img loading=\"lazy\" decoding=\"async\" title=\"17\" src=\"https:\/\/veohome.com\/de\/wp-content\/uploads\/sites\/4\/2018\/06\/17.jpg\" alt=\"17\" width=\"300\" height=\"300\" \/><\/p>\r\n<p>Mit unserem <strong>French Kaffeebereiter<\/strong> k\u00f6nnen Sie frisch aufgebr\u00fchten Kaffee genie\u00dfen, ob zu Hause oder unterwegs.<\/p>\r\n<p><img loading=\"lazy\" decoding=\"async\" title=\"18\" src=\"https:\/\/veohome.com\/de\/wp-content\/uploads\/sites\/4\/2018\/06\/18-1.jpg\" alt=\"18\" width=\"300\" height=\"300\" \/><\/p>\r\n<p>Die <strong>French Press aus Edelstahl<\/strong> ist die ideale Wahl f\u00fcr alle, die Wert auf <strong>Qualit\u00e4t und Langlebigkeit<\/strong> legen.<\/p>\r\n<p><img loading=\"lazy\" decoding=\"async\" title=\"19\" src=\"https:\/\/veohome.com\/de\/wp-content\/uploads\/sites\/4\/2018\/06\/19.jpg\" alt=\"19\" width=\"300\" height=\"300\" \/><\/p>\r\n<p>Verw\u00f6hnen Sie sich und Ihre G\u00e4ste mit dem au\u00dfergew\u00f6hnlichen Geschmack von <strong>frisch aufgebr\u00fchtem Kaffee<\/strong> und bestellen Sie jetzt unsere <strong>French Press mit doppelwandiger Konstruktion und zwei zus\u00e4tzlichen Edelstahl-Filtern<\/strong>.<\/p>\r\n<hr \/>\r\n<h1>Unsere Verpflichtungen<\/h1>\r\n<hr \/>\r\n<p>&nbsp;<\/p>\r\n<hr \/>\r\n<p><strong>Zufriedenheit oder Geld-zur\u00fcck-Garantie!<\/strong><\/p>\r\n<hr \/>\r\n<p>Sie k\u00f6nnen Ihre Meinung innerhalb von 30 Tagen \u00e4ndern und das Produkt f\u00fcr eine R\u00fcckerstattung zur\u00fcckgeben.<\/p>\r\n<hr \/>\r\n<p><strong>Reaktionsschneller Kundensupport!<\/strong><\/p>\r\n<hr \/>\r\n<p>Jede Frage, Anfrage oder jedes Problem wird innerhalb von 24 Stunden, 7 Tage die Woche und immer mit einem L\u00e4cheln beantwortet!<\/p>\r\n<hr \/>\r\n<p><strong>Zahlung und sichere Daten!<\/strong><\/p>\r\n<hr \/>\r\n<p>Bei uns sind Ihre pers\u00f6nlichen und Bankdaten sicher.\u00a0 Sie k\u00f6nnen per Kreditkarte oder Paypal bezahlen.<\/p>\r\n","protected":false},"excerpt":{"rendered":"<p><strong>\u2705 French Press aus rostfreiem Edelstahl<\/strong>: robust, langlebig und pflegeleicht<\/p>\n<p><strong>\u2705 Doppelwandige Konstruktion<\/strong>: h\u00e4lt Kaffee und Tee l\u00e4nger warm<\/p>\n<p><strong>\u2705 Ohne Kapseln und Papierfilter<\/strong>: manuelle Zubereitung mit vollem Aroma<\/p>\n<p><strong>\u2705 Bruchsichere Alternative zu Glaskannen<\/strong>: ideal f\u00fcr den t\u00e4glichen Gebrauch<\/p>\n<p><strong>\u2705 F\u00fcr Kaffee und Tee geeignet:<\/strong> vielseitig im Alltag einsetzbar<\/p>\n<p><strong>\u2705 Erh\u00e4ltlich in 0,75 L und 1 L<\/strong> passende Gr\u00f6\u00dfe je nach Bedarf<\/p>\n<p><strong>\u2705 Zeitloses Design<\/strong> funktional und elegant in jeder K\u00fcche<\/p>\n<p><strong>\u2705 2 Jahre Herstellergarantie.<\/strong><\/p>\n<p><strong>\u2705 Versandkostenfrei ab 20 \u20ac<\/strong><\/p>\n","protected":false},"featured_media":122,"comment_status":"open","ping_status":"closed","template":"","meta":{"kt_blocks_editor_width":""},"product_brand":[],"product_cat":[24],"product_tag":[],"class_list":{"0":"post-22","1":"product","2":"type-product","3":"status-publish","4":"has-post-thumbnail","6":"product_cat-kaffee-tee-espresso","8":"first","9":"instock","10":"taxable","11":"shipping-taxable","12":"purchasable","13":"product-type-variable"},"_links":{"self":[{"href":"https:\/\/veohome.com\/de\/wp-json\/wp\/v2\/product\/22","targetHints":{"allow":["GET"]}}],"collection":[{"href":"https:\/\/veohome.com\/de\/wp-json\/wp\/v2\/product"}],"about":[{"href":"https:\/\/veohome.com\/de\/wp-json\/wp\/v2\/types\/product"}],"replies":[{"embeddable":true,"href":"https:\/\/veohome.com\/de\/wp-json\/wp\/v2\/comments?post=22"}],"wp:featuredmedia":[{"embeddable":true,"href":"https:\/\/veohome.com\/de\/wp-json\/wp\/v2\/media\/122"}],"wp:attachment":[{"href":"https:\/\/veohome.com\/de\/wp-json\/wp\/v2\/media?parent=22"}],"wp:term":[{"taxonomy":"product_brand","embeddable":true,"href":"https:\/\/veohome.com\/de\/wp-json\/wp\/v2\/product_brand?post=22"},{"taxonomy":"product_cat","embeddable":true,"href":"https:\/\/veohome.com\/de\/wp-json\/wp\/v2\/product_cat?post=22"},{"taxonomy":"product_tag","embeddable":true,"href":"https:\/\/veohome.com\/de\/wp-json\/wp\/v2\/product_tag?post=22"}],"curies":[{"name":"wp","href":"https:\/\/api.w.org\/{rel}","templated":true}]}}