{"id":265,"date":"2022-09-14T04:04:27","date_gmt":"2022-09-14T02:04:27","guid":{"rendered":"https:\/\/veohome.com\/de\/?post_type=product&#038;p=265"},"modified":"2026-04-12T12:35:33","modified_gmt":"2026-04-12T10:35:33","slug":"espressokocher-klassisch-italienische-perkolator-mokakanne-360-ml-luxurioeses-kristallglas-und-rostfreier-stahl","status":"publish","type":"product","link":"https:\/\/veohome.com\/de\/produit\/espressokocher-klassisch-italienische-perkolator-mokakanne-360-ml-luxurioeses-kristallglas-und-rostfreier-stahl\/","title":{"rendered":"Premium Moka Pot &#8211; 360ml Espressokocher aus Glas &amp; Edelstahl"},"content":{"rendered":"\r\n<h2>Entdecken Sie <strong>ultimativen Kaffeegenuss<\/strong> mit unserer <strong>Moka Pot<\/strong> aus zuverl\u00e4ssigem Glas und <strong>rostfreiem Stahl<\/strong>!<\/h2>\r\n<p>&nbsp;<\/p>\r\n<h4>Kaffeekunst auf h\u00f6chster Ebene:<\/h4>\r\n<p>Genie\u00dfen Sie authentischen italienischen <strong>Espresso<\/strong> dank unseres <strong>Espressokochers<\/strong> mit erstklassigem Glas und <strong>rostfreiem Stahl<\/strong>. Mit einer Kapazit\u00e4t von 360 ml eignet er sich perfekt f\u00fcr 1-2 Personen. Durch den transparenten <strong>Glask\u00f6rper<\/strong> k\u00f6nnen Sie jeden Schritt des Br\u00fchvorgangs live verfolgen und den perfekten Espresso zaubern.<\/p>\r\n<p><img loading=\"lazy\" decoding=\"async\" title=\"9070_300_t\" src=\"https:\/\/veohome.com\/de\/wp-content\/uploads\/sites\/4\/2022\/09\/9070_300_t.jpg\" alt=\"9070_300_t\" width=\"970\" height=\"300\" \/><\/p>\r\n<h4>Erstklassige Geschmackserlebnisse:<\/h4>\r\n<p>Der einzigartige Kaffee-Reducer unseres <strong>Espressokochers<\/strong> sorgt f\u00fcr eine vollst\u00e4ndige und gleichm\u00e4\u00dfige Extraktion, um den vollen Geschmack und das intensive Aroma des <strong>Espressos<\/strong> hervorzuheben. Der <strong>rostfreie Stahl<\/strong> garantiert, dass keine unerw\u00fcnschten Geschmacksnoten in den Kaffee gelangen.<\/p>\r\n<p><img loading=\"lazy\" decoding=\"async\" title=\"970_600_avantage\" src=\"https:\/\/veohome.com\/de\/wp-content\/uploads\/sites\/4\/2022\/09\/970_600_avantage.jpg\" alt=\"970_600_avantage\" width=\"970\" height=\"600\" \/><\/p>\r\n<h4>Unkomplizierte Bedienung:<\/h4>\r\n<p>Unser <strong>Espressokocher<\/strong> ist sowohl benutzerfreundlich als auch leicht zu reinigen. Er ist kompatibel mit allen Arten von Herden, inklusive <strong>Induktion<\/strong>, Keramik, Gas und elektrisch. Ein ergonomischer Griff und ein stabiler Stand sorgen f\u00fcr eine sichere Handhabung. Dank <strong>Sp\u00fclmaschineneignung<\/strong> und zus\u00e4tzlichen Sicherheitsfunktionen, wie einem seitlichen Ventil, wird ein gef\u00e4hrlicher Druckaufbau verhindert.<\/p>\r\n<p><img loading=\"lazy\" decoding=\"async\" title=\"970_600_pr\u00e9paration\" src=\"https:\/\/veohome.com\/de\/wp-content\/uploads\/sites\/4\/2022\/09\/970_600_preparation.jpg\" alt=\"970_600_pr\u00e9paration\" width=\"970\" height=\"600\" \/><\/p>\r\n","protected":false},"excerpt":{"rendered":"<p>\u2705 <strong>Espresso-Meisterwerk<\/strong>: Unser luxuri\u00f6ser Mokakanne aus Edelstahl und Kristallglas bietet den ultimativen italienischen Kaffee-Genuss.<\/p>\n<p>\u2705 <strong>Universell Einsetzbar<\/strong>: Kompatibel mit Induktion, Gas, Elektroherden und Keramikplatten. Ein Muss f\u00fcr jede K\u00fcche!<\/p>\n<p>\u2705 <strong>360ml Kapazit\u00e4t<\/strong>: Ideal f\u00fcr 1-2 Personen. Genie\u00dfen Sie bis zu 6 Tassen aromatischen Espresso mit einer einzigen Br\u00fchung.<\/p>\n<p>\u2705 <strong>Leichte Reinigung<\/strong>: Sp\u00fclmaschinenfest und mit zus\u00e4tzlichen Sicherheitsfunktionen wie einem seitlichen Sicherheitsventil ausgestattet.<\/p>\n<p>\u2705 <strong>Perfektes Geschenk<\/strong>: Elegantes Design und hochwertige Materialien machen es zur idealen Geschenkidee f\u00fcr Kaffee-Liebhaber und Genie\u00dfer.<\/p>\n","protected":false},"featured_media":193,"comment_status":"open","ping_status":"closed","template":"","meta":{"kt_blocks_editor_width":""},"product_brand":[],"product_cat":[24],"product_tag":[],"class_list":{"0":"post-265","1":"product","2":"type-product","3":"status-publish","4":"has-post-thumbnail","6":"product_cat-kaffee-tee-espresso","8":"first","9":"instock","10":"taxable","11":"shipping-taxable","12":"purchasable","13":"product-type-simple"},"_links":{"self":[{"href":"https:\/\/veohome.com\/de\/wp-json\/wp\/v2\/product\/265","targetHints":{"allow":["GET"]}}],"collection":[{"href":"https:\/\/veohome.com\/de\/wp-json\/wp\/v2\/product"}],"about":[{"href":"https:\/\/veohome.com\/de\/wp-json\/wp\/v2\/types\/product"}],"replies":[{"embeddable":true,"href":"https:\/\/veohome.com\/de\/wp-json\/wp\/v2\/comments?post=265"}],"wp:featuredmedia":[{"embeddable":true,"href":"https:\/\/veohome.com\/de\/wp-json\/wp\/v2\/media\/193"}],"wp:attachment":[{"href":"https:\/\/veohome.com\/de\/wp-json\/wp\/v2\/media?parent=265"}],"wp:term":[{"taxonomy":"product_brand","embeddable":true,"href":"https:\/\/veohome.com\/de\/wp-json\/wp\/v2\/product_brand?post=265"},{"taxonomy":"product_cat","embeddable":true,"href":"https:\/\/veohome.com\/de\/wp-json\/wp\/v2\/product_cat?post=265"},{"taxonomy":"product_tag","embeddable":true,"href":"https:\/\/veohome.com\/de\/wp-json\/wp\/v2\/product_tag?post=265"}],"curies":[{"name":"wp","href":"https:\/\/api.w.org\/{rel}","templated":true}]}}