{"id":295,"date":"2022-09-14T04:22:46","date_gmt":"2022-09-14T02:22:46","guid":{"rendered":"https:\/\/veohome.com\/de\/?post_type=product&#038;p=295"},"modified":"2025-07-30T06:12:35","modified_gmt":"2025-07-30T04:12:35","slug":"pour-over-kaffee-wasserkocher-schwanenhals-kaffeekocherteekanne-kaffeekesselheisswasserkesselrostfreier-edelstahl-thermometer-am-deckel-fuer-alle-herdtypen-langlebig-und-einfach-zu-reinigen1","status":"publish","type":"product","link":"https:\/\/veohome.com\/de\/produit\/pour-over-kaffee-wasserkocher-schwanenhals-kaffeekocherteekanne-kaffeekesselheisswasserkesselrostfreier-edelstahl-thermometer-am-deckel-fuer-alle-herdtypen-langlebig-und-einfach-zu-reinigen1\/","title":{"rendered":"Pour over kaffee Wasserkocher Schwanenhals 1L"},"content":{"rendered":"\r\n<h2><strong>Ergonomisches Schwanenhals-Design<\/strong>: Unser innovatives Schwanenhals-Design garantiert ein einfaches und pr\u00e4zises Aufkochen von Wasser, ganz ohne k\u00f6rperliche Verrenkungen!<\/h2>\r\n<p>&nbsp;<\/p>\r\n<p><strong>Der ultimative Wasserkocher f\u00fcr Pour-Over-Kaffee<\/strong>: Entdecken Sie den vollen Geschmack Ihres Kaffees mit diesem <strong>hochwertigen Edelstahl-Schwanenhals-Kaffeekocher<\/strong>. Dank des gro\u00dfz\u00fcgigen Fassungsverm\u00f6gens von 1,2 Litern und des <strong>integrierten Thermometers<\/strong> k\u00f6nnen Sie das Wasser auf die ideale Temperatur erhitzen und somit ein unvergleichliches Kaffeeerlebnis genie\u00dfen.<\/p>\r\n<p><img loading=\"lazy\" decoding=\"async\" title=\"970_300_logo\" src=\"https:\/\/veohome.com\/de\/wp-content\/uploads\/sites\/4\/2022\/09\/970_300_logo.jpg\" alt=\"970_300_logo\" width=\"970\" height=\"300\" \/><\/p>\r\n<p><strong>Universelle Herdkompatibilit\u00e4t<\/strong>: Dieser Hei\u00dfwasserkessel ist ein wahres Multitalent und f\u00fcr alle Herdplatten geeignet &#8211; ob Gas, Elektro, Induktion oder Vitroc\u00e9ramique. Genie\u00dfen Sie Ihren Tee oder Kaffee so, wie es Ihnen am besten schmeckt, unabh\u00e4ngig von der Kochplatte.<\/p>\r\n<p><img loading=\"lazy\" decoding=\"async\" title=\"970_600_avantages\" src=\"https:\/\/veohome.com\/de\/wp-content\/uploads\/sites\/4\/2022\/09\/970_600_avantages-1.jpg\" alt=\"970_600_avantages\" width=\"970\" height=\"600\" \/><\/p>\r\n<p><strong>Elegantes und funktionelles Design<\/strong>: Dieser Bouilloire besticht nicht nur durch sein stilvolles \u00c4u\u00dferes und den klassischen Schwanenhals, sondern ist auch ein <strong>dekoratives Highlight<\/strong> in jeder K\u00fcche. Der Handtropfkessel vereint Form und Funktion zu einem K\u00fcchenger\u00e4t, das sowohl das Auge als auch den Gaumen erfreut.<\/p>\r\n<p><img loading=\"lazy\" decoding=\"async\" title=\"970_600_plaques\" src=\"https:\/\/veohome.com\/de\/wp-content\/uploads\/sites\/4\/2022\/09\/970_600_plaques-1.jpg\" alt=\"970_600_plaques\" width=\"970\" height=\"600\" \/><\/p>\r\n","protected":false},"excerpt":{"rendered":"<p>\u2705 <strong>Premium Pour-Over-Kaffee- &amp; Teekanne mit Schwanenhals<\/strong> &#8211; Unser markanter Schwanenhals erm\u00f6glicht eine pr\u00e4zise Kontrolle beim Ausgie\u00dfen und minimiert das Risiko von Tropfen und Klecksen. Ideal f\u00fcr Kaffee- und Teeliebhaber.<\/p>\n<p>\u2705 <strong>Hochwertiger, rostfreier Edelstahl<\/strong> \u2013 Dieses professionelle K\u00fcchenzubeh\u00f6r ist aus erstklassigem rostfreiem Edelstahl gefertigt und verspricht <strong>Langlebigkeit<\/strong> und Qualit\u00e4t.<\/p>\n<p>\u2705 <strong>Leichte Reinigung<\/strong> &#8211; Genie\u00dfen Sie die einfache Zubereitung von Kaffee und Tee direkt im Hei\u00dfwasserkessel, ohne umst\u00e4ndliche Handhabung wie bei konkurrierenden Produkten.<\/p>\n<p>\u2705 <strong>Integriertes, leicht ablesbares Thermometer im Deckel<\/strong> &#8211; Kontrollieren Sie die perfekte <strong>Br\u00fchtemperatur<\/strong> f\u00fcr Ihren Kaffee oder Tee, um das beste Geschmackserlebnis zu erzielen.<\/p>\n<p>\u2705 <strong>Vielseitige Herdkompatibilit\u00e4t<\/strong> &#8211; Dieser Handtropfkessel ist f\u00fcr alle Herdplatten und W\u00e4rmequellen geeignet, von Gas \u00fcber Elektro bis hin zu Induktion. Robust und sicher in der Anwendung.<\/p>\n","protected":false},"featured_media":296,"comment_status":"open","ping_status":"closed","template":"","meta":{"kt_blocks_editor_width":""},"product_brand":[],"product_cat":[24],"product_tag":[],"class_list":{"0":"post-295","1":"product","2":"type-product","3":"status-publish","4":"has-post-thumbnail","6":"product_cat-kaffee-tee-espresso","8":"first","9":"outofstock","10":"taxable","11":"shipping-taxable","12":"purchasable","13":"product-type-simple"},"_links":{"self":[{"href":"https:\/\/veohome.com\/de\/wp-json\/wp\/v2\/product\/295","targetHints":{"allow":["GET"]}}],"collection":[{"href":"https:\/\/veohome.com\/de\/wp-json\/wp\/v2\/product"}],"about":[{"href":"https:\/\/veohome.com\/de\/wp-json\/wp\/v2\/types\/product"}],"replies":[{"embeddable":true,"href":"https:\/\/veohome.com\/de\/wp-json\/wp\/v2\/comments?post=295"}],"wp:featuredmedia":[{"embeddable":true,"href":"https:\/\/veohome.com\/de\/wp-json\/wp\/v2\/media\/296"}],"wp:attachment":[{"href":"https:\/\/veohome.com\/de\/wp-json\/wp\/v2\/media?parent=295"}],"wp:term":[{"taxonomy":"product_brand","embeddable":true,"href":"https:\/\/veohome.com\/de\/wp-json\/wp\/v2\/product_brand?post=295"},{"taxonomy":"product_cat","embeddable":true,"href":"https:\/\/veohome.com\/de\/wp-json\/wp\/v2\/product_cat?post=295"},{"taxonomy":"product_tag","embeddable":true,"href":"https:\/\/veohome.com\/de\/wp-json\/wp\/v2\/product_tag?post=295"}],"curies":[{"name":"wp","href":"https:\/\/api.w.org\/{rel}","templated":true}]}}