{"id":131,"date":"2023-10-06T09:00:14","date_gmt":"2023-10-06T07:00:14","guid":{"rendered":"https:\/\/veohome.com\/es\/?page_id=131"},"modified":"2023-10-06T09:00:15","modified_gmt":"2023-10-06T07:00:15","slug":"contacto","status":"publish","type":"page","link":"https:\/\/veohome.com\/es\/contacto\/","title":{"rendered":"Contacto"},"content":{"rendered":"\n<p>Puede contactarnos de una manera muy sencilla. Solo tiene que completar el formulario de abajo para que podamos tener todos sus detalles y elementos para satisfacer sus deseos.<\/p>\n\n\n\n<p>Le estar\u00edamos agradecidos si verifica la exactitud de su direcci\u00f3n de correo electr\u00f3nico. Y s\u00ed, de lo contrario, no podremos responderle, y tambi\u00e9n sabemos que los errores son parte de la vida cotidiana. Recibir\u00e1 una confirmaci\u00f3n autom\u00e1tica de la recepci\u00f3n de su correo electr\u00f3nico, si este no es el caso, le pedir\u00edamos que verifique si su direcci\u00f3n de correo electr\u00f3nico se ingres\u00f3 correctamente.<\/p>\n\n\n\n<p>Si su pregunta est\u00e1 relacionada con un pedido, le pedimos que indique su n\u00famero para que podamos responder lo m\u00e1s r\u00e1pidamente posible.<\/p>\n\n\n\n<p>El equipo de VeoHome est\u00e1 disponible 7 d\u00edas a la semana y responde al 99% de los mensajes en un plazo de 24 horas. Si no ha recibido respuesta a su correo electr\u00f3nico dentro de las 24 horas, verifique su carpeta de correo no deseado y no dude en contactarnos nuevamente.<\/p>\n\n\n\n<div class=\"wpcf7 no-js\" id=\"wpcf7-f5-o1\" lang=\"fr-FR\" dir=\"ltr\" data-wpcf7-id=\"5\">\n<div class=\"screen-reader-response\"><p role=\"status\" aria-live=\"polite\" aria-atomic=\"true\"><\/p> <ul><\/ul><\/div>\n<form action=\"\/es\/wp-json\/wp\/v2\/pages\/131#wpcf7-f5-o1\" method=\"post\" class=\"wpcf7-form init\" aria-label=\"Formulaire de contact\" novalidate=\"novalidate\" data-status=\"init\">\n<fieldset class=\"hidden-fields-container\"><input type=\"hidden\" name=\"_wpcf7\" value=\"5\" \/><input type=\"hidden\" name=\"_wpcf7_version\" value=\"6.1.5\" \/><input type=\"hidden\" name=\"_wpcf7_locale\" value=\"fr_FR\" \/><input type=\"hidden\" name=\"_wpcf7_unit_tag\" value=\"wpcf7-f5-o1\" \/><input type=\"hidden\" name=\"_wpcf7_container_post\" value=\"0\" \/><input type=\"hidden\" name=\"_wpcf7_posted_data_hash\" value=\"\" \/>\n<\/fieldset>\n<p><label> Su nombre y appelido<br \/>\n<span class=\"wpcf7-form-control-wrap\" data-name=\"your-name\"><input size=\"40\" maxlength=\"400\" class=\"wpcf7-form-control wpcf7-text wpcf7-validates-as-required\" autocomplete=\"name\" aria-required=\"true\" aria-invalid=\"false\" value=\"\" type=\"text\" name=\"your-name\" \/><\/span> <\/label>\n<\/p>\n<p><label> Su e-mail<br \/>\n<span class=\"wpcf7-form-control-wrap\" data-name=\"your-email\"><input size=\"40\" maxlength=\"400\" class=\"wpcf7-form-control wpcf7-email wpcf7-validates-as-required wpcf7-text wpcf7-validates-as-email\" autocomplete=\"email\" aria-required=\"true\" aria-invalid=\"false\" value=\"\" type=\"email\" name=\"your-email\" \/><\/span> <\/label>\n<\/p>\n<p><label> Asunto<br \/>\n<span class=\"wpcf7-form-control-wrap\" data-name=\"your-subject\"><input size=\"40\" maxlength=\"400\" class=\"wpcf7-form-control wpcf7-text wpcf7-validates-as-required\" aria-required=\"true\" aria-invalid=\"false\" value=\"\" type=\"text\" name=\"your-subject\" \/><\/span> <\/label>\n<\/p>\n<p><label> Su mensaje<br \/>\n<span class=\"wpcf7-form-control-wrap\" data-name=\"your-message\"><textarea cols=\"40\" rows=\"10\" maxlength=\"2000\" class=\"wpcf7-form-control wpcf7-textarea\" aria-invalid=\"false\" name=\"your-message\"><\/textarea><\/span> <\/label>\n<\/p>\n<p><input class=\"wpcf7-form-control wpcf7-submit has-spinner\" type=\"submit\" value=\"Enviar\" \/>\n<\/p><div class=\"wpcf7-response-output\" aria-hidden=\"true\"><\/div>\n<\/form>\n<\/div>\n\n","protected":false},"excerpt":{"rendered":"<p>Puede contactarnos de una manera muy sencilla. Solo tiene que completar el formulario de abajo para que podamos tener todos sus detalles y elementos para satisfacer sus deseos. Le estar\u00edamos agradecidos si verifica la exactitud de su direcci\u00f3n de correo &hellip; <a class=\"kt-excerpt-readmore\" href=\"https:\/\/veohome.com\/es\/contacto\/\" aria-label=\"Contacto\">Read More<\/a><\/p>\n","protected":false},"author":4,"featured_media":0,"parent":0,"menu_order":0,"comment_status":"closed","ping_status":"closed","template":"","meta":{"kt_blocks_editor_width":"","_kad_blocks_custom_css":"","_kad_blocks_head_custom_js":"","_kad_blocks_body_custom_js":"","_kad_blocks_footer_custom_js":"","footnotes":""},"class_list":["post-131","page","type-page","status-publish","hentry"],"yoast_head":"<!-- This site is optimized with the Yoast SEO plugin v27.2 - https:\/\/yoast.com\/product\/yoast-seo-wordpress\/ -->\n<title>Contacto - VeoHome ES<\/title>\n<meta name=\"robots\" content=\"index, follow, max-snippet:-1, max-image-preview:large, max-video-preview:-1\" \/>\n<link rel=\"canonical\" href=\"https:\/\/veohome.com\/es\/contacto\/\" \/>\n<meta property=\"og:locale\" content=\"es_ES\" \/>\n<meta property=\"og:type\" content=\"article\" \/>\n<meta property=\"og:title\" content=\"Contacto - VeoHome ES\" \/>\n<meta property=\"og:description\" content=\"Puede contactarnos de una manera muy sencilla. Solo tiene que completar el formulario de abajo para que podamos tener todos sus detalles y elementos para satisfacer sus deseos. Le estar\u00edamos agradecidos si verifica la exactitud de su direcci\u00f3n de correo &hellip; Read More\" \/>\n<meta property=\"og:url\" content=\"https:\/\/veohome.com\/es\/contacto\/\" \/>\n<meta property=\"og:site_name\" content=\"VeoHome ES\" \/>\n<meta property=\"article:modified_time\" content=\"2023-10-06T07:00:15+00:00\" \/>\n<meta name=\"twitter:card\" content=\"summary_large_image\" \/>\n<meta name=\"twitter:label1\" content=\"Tiempo de lectura\" \/>\n\t<meta name=\"twitter:data1\" content=\"1 minuto\" \/>\n<script type=\"application\/ld+json\" class=\"yoast-schema-graph\">{\"@context\":\"https:\/\/schema.org\",\"@graph\":[{\"@type\":\"WebPage\",\"@id\":\"https:\/\/veohome.com\/es\/contacto\/\",\"url\":\"https:\/\/veohome.com\/es\/contacto\/\",\"name\":\"Contacto - VeoHome ES\",\"isPartOf\":{\"@id\":\"https:\/\/veohome.com\/es\/#website\"},\"datePublished\":\"2023-10-06T07:00:14+00:00\",\"dateModified\":\"2023-10-06T07:00:15+00:00\",\"breadcrumb\":{\"@id\":\"https:\/\/veohome.com\/es\/contacto\/#breadcrumb\"},\"inLanguage\":\"es\",\"potentialAction\":[{\"@type\":\"ReadAction\",\"target\":[\"https:\/\/veohome.com\/es\/contacto\/\"]}]},{\"@type\":\"BreadcrumbList\",\"@id\":\"https:\/\/veohome.com\/es\/contacto\/#breadcrumb\",\"itemListElement\":[{\"@type\":\"ListItem\",\"position\":1,\"name\":\"Accueil\",\"item\":\"https:\/\/veohome.com\/es\/\"},{\"@type\":\"ListItem\",\"position\":2,\"name\":\"Contacto\"}]},{\"@type\":\"WebSite\",\"@id\":\"https:\/\/veohome.com\/es\/#website\",\"url\":\"https:\/\/veohome.com\/es\/\",\"name\":\"VeoHome ES\",\"description\":\"\",\"potentialAction\":[{\"@type\":\"SearchAction\",\"target\":{\"@type\":\"EntryPoint\",\"urlTemplate\":\"https:\/\/veohome.com\/es\/?s={search_term_string}\"},\"query-input\":{\"@type\":\"PropertyValueSpecification\",\"valueRequired\":true,\"valueName\":\"search_term_string\"}}],\"inLanguage\":\"es\"}]}<\/script>\n<!-- \/ Yoast SEO plugin. -->","yoast_head_json":{"title":"Contacto - VeoHome ES","robots":{"index":"index","follow":"follow","max-snippet":"max-snippet:-1","max-image-preview":"max-image-preview:large","max-video-preview":"max-video-preview:-1"},"canonical":"https:\/\/veohome.com\/es\/contacto\/","og_locale":"es_ES","og_type":"article","og_title":"Contacto - VeoHome ES","og_description":"Puede contactarnos de una manera muy sencilla. Solo tiene que completar el formulario de abajo para que podamos tener todos sus detalles y elementos para satisfacer sus deseos. Le estar\u00edamos agradecidos si verifica la exactitud de su direcci\u00f3n de correo &hellip; Read More","og_url":"https:\/\/veohome.com\/es\/contacto\/","og_site_name":"VeoHome ES","article_modified_time":"2023-10-06T07:00:15+00:00","twitter_card":"summary_large_image","twitter_misc":{"Tiempo de lectura":"1 minuto"},"schema":{"@context":"https:\/\/schema.org","@graph":[{"@type":"WebPage","@id":"https:\/\/veohome.com\/es\/contacto\/","url":"https:\/\/veohome.com\/es\/contacto\/","name":"Contacto - VeoHome ES","isPartOf":{"@id":"https:\/\/veohome.com\/es\/#website"},"datePublished":"2023-10-06T07:00:14+00:00","dateModified":"2023-10-06T07:00:15+00:00","breadcrumb":{"@id":"https:\/\/veohome.com\/es\/contacto\/#breadcrumb"},"inLanguage":"es","potentialAction":[{"@type":"ReadAction","target":["https:\/\/veohome.com\/es\/contacto\/"]}]},{"@type":"BreadcrumbList","@id":"https:\/\/veohome.com\/es\/contacto\/#breadcrumb","itemListElement":[{"@type":"ListItem","position":1,"name":"Accueil","item":"https:\/\/veohome.com\/es\/"},{"@type":"ListItem","position":2,"name":"Contacto"}]},{"@type":"WebSite","@id":"https:\/\/veohome.com\/es\/#website","url":"https:\/\/veohome.com\/es\/","name":"VeoHome ES","description":"","potentialAction":[{"@type":"SearchAction","target":{"@type":"EntryPoint","urlTemplate":"https:\/\/veohome.com\/es\/?s={search_term_string}"},"query-input":{"@type":"PropertyValueSpecification","valueRequired":true,"valueName":"search_term_string"}}],"inLanguage":"es"}]}},"taxonomy_info":[],"featured_image_src_large":false,"author_info":{"display_name":"jildaz","author_link":"https:\/\/veohome.com\/es\/author\/jildaz\/"},"comment_info":0,"_links":{"self":[{"href":"https:\/\/veohome.com\/es\/wp-json\/wp\/v2\/pages\/131","targetHints":{"allow":["GET"]}}],"collection":[{"href":"https:\/\/veohome.com\/es\/wp-json\/wp\/v2\/pages"}],"about":[{"href":"https:\/\/veohome.com\/es\/wp-json\/wp\/v2\/types\/page"}],"author":[{"embeddable":true,"href":"https:\/\/veohome.com\/es\/wp-json\/wp\/v2\/users\/4"}],"replies":[{"embeddable":true,"href":"https:\/\/veohome.com\/es\/wp-json\/wp\/v2\/comments?post=131"}],"version-history":[{"count":1,"href":"https:\/\/veohome.com\/es\/wp-json\/wp\/v2\/pages\/131\/revisions"}],"predecessor-version":[{"id":132,"href":"https:\/\/veohome.com\/es\/wp-json\/wp\/v2\/pages\/131\/revisions\/132"}],"wp:attachment":[{"href":"https:\/\/veohome.com\/es\/wp-json\/wp\/v2\/media?parent=131"}],"curies":[{"name":"wp","href":"https:\/\/api.w.org\/{rel}","templated":true}]}}