{"id":72,"date":"2023-10-04T10:50:22","date_gmt":"2023-10-04T08:50:22","guid":{"rendered":"https:\/\/veohome.com\/es\/?post_type=product&#038;p=72"},"modified":"2026-04-22T03:47:01","modified_gmt":"2026-04-22T01:47:01","slug":"maquina-de-pasta-manual-veohome-acero-inoxidable-herramienta-versatil-con-grosor-ajustable","status":"publish","type":"product","link":"https:\/\/veohome.com\/es\/produit\/maquina-de-pasta-manual-veohome-acero-inoxidable-herramienta-versatil-con-grosor-ajustable\/","title":{"rendered":"M\u00e1quina de Pasta Manual VeoHome: acero inoxidable, herramienta vers\u00e1til con grosor ajustable"},"content":{"rendered":"\r\n<p><img loading=\"lazy\" decoding=\"async\" title=\"1\" src=\"https:\/\/veohome.com\/es\/wp-content\/uploads\/sites\/7\/2023\/10\/1-3.jpg\" alt=\"1\" width=\"970\" height=\"600\" \/> <img loading=\"lazy\" decoding=\"async\" title=\"3\" src=\"https:\/\/veohome.com\/es\/wp-content\/uploads\/sites\/7\/2023\/10\/3-1.jpg\" alt=\"3\" width=\"300\" height=\"300\" \/><\/p>\r\n<p><strong>Secador de Pasta Incluido:<\/strong> No m\u00e1s preocupaciones sobre d\u00f3nde colgar tus fideos frescos. Nuestra m\u00e1quina viene con un <strong>secador de pasta<\/strong>, haciendo todo el proceso de creaci\u00f3n de pasta mucho m\u00e1s c\u00f3modo.<\/p>\r\n<p><img loading=\"lazy\" decoding=\"async\" title=\"2\" src=\"https:\/\/veohome.com\/es\/wp-content\/uploads\/sites\/7\/2023\/10\/2-1.jpg\" alt=\"2\" width=\"300\" height=\"300\" \/><\/p>\r\n<p><strong>Dos Tama\u00f1os de Corte:<\/strong> Nuestra m\u00e1quina viene con <strong>dos laminores diferentes<\/strong>, permiti\u00e9ndote ajustar el ancho de tus pastas. Ahora puedes disfrutar de tagliatelle o spaghetti seg\u00fan tu gusto.<\/p>\r\n<p><img loading=\"lazy\" decoding=\"async\" title=\"1\" src=\"https:\/\/veohome.com\/es\/wp-content\/uploads\/sites\/7\/2023\/10\/1-2.jpg\" alt=\"1\" width=\"300\" height=\"300\" \/><\/p>\r\n<p><strong>7 Niveles de Grosor:<\/strong> Con <strong>VeoHome M\u00e1quina de Pasta Manual<\/strong>, tienes la libertad de elegir entre 7 niveles diferentes de grosor. Desde lasa\u00f1a hasta fettuccine, crea una variedad de deliciosas pastas hechas en casa.<\/p>\r\n<p><img loading=\"lazy\" decoding=\"async\" title=\"2\" src=\"https:\/\/veohome.com\/es\/wp-content\/uploads\/sites\/7\/2023\/10\/2-2.jpg\" alt=\"2\" width=\"970\" height=\"600\" \/><\/p>\r\n","protected":false},"excerpt":{"rendered":"<p>\u2705 <strong>Variedad de Pasta<\/strong>: Con la M\u00e1quina de Pasta Manual de VeoHome, puede crear una amplia gama de pastas, desde Tagliatelle hasta Ravioli, con facilidad y precisi\u00f3n. <strong>\u00a1Descubre la diversidad gastron\u00f3mica italiana en tu propia cocina!<\/strong> \u2705 <strong>Calidad y Durabilidad<\/strong>: Fabricada con acero inoxidable de grado alimentario, nuestra m\u00e1quina de pasta manual no solo es duradera, sino que tambi\u00e9n garantiza <strong>la m\u00e1xima seguridad alimentaria<\/strong>. \u2705 <strong>7 Ajustes de Espesor<\/strong>: Personaliza el grosor de tu pasta favorita eligiendo entre <strong>7 ajustes de espesor diferentes<\/strong>. Ya sea para lasa\u00f1as o fettuccine, siempre tendr\u00e1s la textura perfecta. \u2705 <strong>Facilidad de Uso<\/strong>: Gracias a su dise\u00f1o manual con una manivela de buen agarre y una abrazadera s\u00f3lida, la operaci\u00f3n es sencilla y segura. Adem\u00e1s, <strong>el set incluye un secador de pasta<\/strong> para acelerar el proceso de secado. \u2705 <strong>Garant\u00eda y Atenci\u00f3n al Cliente<\/strong>: Ofrecemos una garant\u00eda de 2 a\u00f1os para tu tranquilidad y un <strong>servicio al cliente disponible 7 d\u00edas a la semana<\/strong>. \u00a1Tu satisfacci\u00f3n es nuestra prioridad n\u00famero uno!<\/p>\n","protected":false},"featured_media":73,"comment_status":"open","ping_status":"closed","template":"","meta":{"kt_blocks_editor_width":"","_kad_blocks_custom_css":"","_kad_blocks_head_custom_js":"","_kad_blocks_body_custom_js":"","_kad_blocks_footer_custom_js":""},"product_brand":[],"product_cat":[15],"product_tag":[],"class_list":{"0":"post-72","1":"product","2":"type-product","3":"status-publish","4":"has-post-thumbnail","6":"product_cat-non-classe","8":"first","9":"instock","10":"taxable","11":"shipping-taxable","12":"purchasable","13":"product-type-simple"},"yoast_head":"<!-- This site is optimized with the Yoast SEO plugin v27.2 - https:\/\/yoast.com\/product\/yoast-seo-wordpress\/ -->\n<title>M\u00e1quina de Pasta Manual VeoHome: acero inoxidable, herramienta vers\u00e1til con grosor ajustable - VeoHome ES<\/title>\n<meta name=\"robots\" content=\"index, follow, max-snippet:-1, max-image-preview:large, max-video-preview:-1\" \/>\n<link rel=\"canonical\" href=\"https:\/\/veohome.com\/es\/produit\/maquina-de-pasta-manual-veohome-acero-inoxidable-herramienta-versatil-con-grosor-ajustable\/\" \/>\n<meta property=\"og:locale\" content=\"es_ES\" \/>\n<meta property=\"og:type\" content=\"article\" \/>\n<meta property=\"og:title\" content=\"M\u00e1quina de Pasta Manual VeoHome: acero inoxidable, herramienta vers\u00e1til con grosor ajustable - VeoHome ES\" \/>\n<meta property=\"og:description\" content=\"\u2705 Variedad de Pasta: Con la M\u00e1quina de Pasta Manual de VeoHome, puede crear una amplia gama de pastas, desde Tagliatelle hasta Ravioli, con facilidad y precisi\u00f3n. \u00a1Descubre la diversidad gastron\u00f3mica italiana en tu propia cocina! \u2705 Calidad y Durabilidad: Fabricada con acero inoxidable de grado alimentario, nuestra m\u00e1quina de pasta manual no solo es duradera, sino que tambi\u00e9n garantiza la m\u00e1xima seguridad alimentaria. \u2705 7 Ajustes de Espesor: Personaliza el grosor de tu pasta favorita eligiendo entre 7 ajustes de espesor diferentes. Ya sea para lasa\u00f1as o fettuccine, siempre tendr\u00e1s la textura perfecta. \u2705 Facilidad de Uso: Gracias a su dise\u00f1o manual con una manivela de buen agarre y una abrazadera s\u00f3lida, la operaci\u00f3n es sencilla y segura. Adem\u00e1s, el set incluye un secador de pasta para acelerar el proceso de secado. \u2705 Garant\u00eda y Atenci\u00f3n al Cliente: Ofrecemos una garant\u00eda de 2 a\u00f1os para tu tranquilidad y un servicio al cliente disponible 7 d\u00edas a la semana. \u00a1Tu satisfacci\u00f3n es nuestra prioridad n\u00famero uno!\" \/>\n<meta property=\"og:url\" content=\"https:\/\/veohome.com\/es\/produit\/maquina-de-pasta-manual-veohome-acero-inoxidable-herramienta-versatil-con-grosor-ajustable\/\" \/>\n<meta property=\"og:site_name\" content=\"VeoHome ES\" \/>\n<meta property=\"article:modified_time\" content=\"2026-04-22T01:47:01+00:00\" \/>\n<meta property=\"og:image\" content=\"https:\/\/veohome.com\/es\/wp-content\/uploads\/sites\/7\/2023\/10\/1-1.jpg\" \/>\n\t<meta property=\"og:image:width\" content=\"2000\" \/>\n\t<meta property=\"og:image:height\" content=\"2000\" \/>\n\t<meta property=\"og:image:type\" content=\"image\/jpeg\" \/>\n<meta name=\"twitter:card\" content=\"summary_large_image\" \/>\n<meta name=\"twitter:label1\" content=\"Tiempo de lectura\" \/>\n\t<meta name=\"twitter:data1\" content=\"2 minutos\" \/>\n<script type=\"application\/ld+json\" class=\"yoast-schema-graph\">{\"@context\":\"https:\/\/schema.org\",\"@graph\":[{\"@type\":\"WebPage\",\"@id\":\"https:\/\/veohome.com\/es\/produit\/maquina-de-pasta-manual-veohome-acero-inoxidable-herramienta-versatil-con-grosor-ajustable\/\",\"url\":\"https:\/\/veohome.com\/es\/produit\/maquina-de-pasta-manual-veohome-acero-inoxidable-herramienta-versatil-con-grosor-ajustable\/\",\"name\":\"M\u00e1quina de Pasta Manual VeoHome: acero inoxidable, herramienta vers\u00e1til con grosor ajustable - VeoHome ES\",\"isPartOf\":{\"@id\":\"https:\/\/veohome.com\/es\/#website\"},\"primaryImageOfPage\":{\"@id\":\"https:\/\/veohome.com\/es\/produit\/maquina-de-pasta-manual-veohome-acero-inoxidable-herramienta-versatil-con-grosor-ajustable\/#primaryimage\"},\"image\":{\"@id\":\"https:\/\/veohome.com\/es\/produit\/maquina-de-pasta-manual-veohome-acero-inoxidable-herramienta-versatil-con-grosor-ajustable\/#primaryimage\"},\"thumbnailUrl\":\"https:\/\/veohome.com\/es\/wp-content\/uploads\/sites\/7\/2023\/10\/1-1.jpg\",\"datePublished\":\"2023-10-04T08:50:22+00:00\",\"dateModified\":\"2026-04-22T01:47:01+00:00\",\"breadcrumb\":{\"@id\":\"https:\/\/veohome.com\/es\/produit\/maquina-de-pasta-manual-veohome-acero-inoxidable-herramienta-versatil-con-grosor-ajustable\/#breadcrumb\"},\"inLanguage\":\"es\",\"potentialAction\":[{\"@type\":\"ReadAction\",\"target\":[\"https:\/\/veohome.com\/es\/produit\/maquina-de-pasta-manual-veohome-acero-inoxidable-herramienta-versatil-con-grosor-ajustable\/\"]}]},{\"@type\":\"ImageObject\",\"inLanguage\":\"es\",\"@id\":\"https:\/\/veohome.com\/es\/produit\/maquina-de-pasta-manual-veohome-acero-inoxidable-herramienta-versatil-con-grosor-ajustable\/#primaryimage\",\"url\":\"https:\/\/veohome.com\/es\/wp-content\/uploads\/sites\/7\/2023\/10\/1-1.jpg\",\"contentUrl\":\"https:\/\/veohome.com\/es\/wp-content\/uploads\/sites\/7\/2023\/10\/1-1.jpg\",\"width\":2000,\"height\":2000},{\"@type\":\"BreadcrumbList\",\"@id\":\"https:\/\/veohome.com\/es\/produit\/maquina-de-pasta-manual-veohome-acero-inoxidable-herramienta-versatil-con-grosor-ajustable\/#breadcrumb\",\"itemListElement\":[{\"@type\":\"ListItem\",\"position\":1,\"name\":\"Accueil\",\"item\":\"https:\/\/veohome.com\/es\/\"},{\"@type\":\"ListItem\",\"position\":2,\"name\":\"Shop\",\"item\":\"https:\/\/veohome.com\/es\/shop\/\"},{\"@type\":\"ListItem\",\"position\":3,\"name\":\"M\u00e1quina de Pasta Manual VeoHome: acero inoxidable, herramienta vers\u00e1til con grosor ajustable\"}]},{\"@type\":\"WebSite\",\"@id\":\"https:\/\/veohome.com\/es\/#website\",\"url\":\"https:\/\/veohome.com\/es\/\",\"name\":\"VeoHome ES\",\"description\":\"\",\"potentialAction\":[{\"@type\":\"SearchAction\",\"target\":{\"@type\":\"EntryPoint\",\"urlTemplate\":\"https:\/\/veohome.com\/es\/?s={search_term_string}\"},\"query-input\":{\"@type\":\"PropertyValueSpecification\",\"valueRequired\":true,\"valueName\":\"search_term_string\"}}],\"inLanguage\":\"es\"}]}<\/script>\n<!-- \/ Yoast SEO plugin. -->","yoast_head_json":{"title":"M\u00e1quina de Pasta Manual VeoHome: acero inoxidable, herramienta vers\u00e1til con grosor ajustable - VeoHome ES","robots":{"index":"index","follow":"follow","max-snippet":"max-snippet:-1","max-image-preview":"max-image-preview:large","max-video-preview":"max-video-preview:-1"},"canonical":"https:\/\/veohome.com\/es\/produit\/maquina-de-pasta-manual-veohome-acero-inoxidable-herramienta-versatil-con-grosor-ajustable\/","og_locale":"es_ES","og_type":"article","og_title":"M\u00e1quina de Pasta Manual VeoHome: acero inoxidable, herramienta vers\u00e1til con grosor ajustable - VeoHome ES","og_description":"\u2705 Variedad de Pasta: Con la M\u00e1quina de Pasta Manual de VeoHome, puede crear una amplia gama de pastas, desde Tagliatelle hasta Ravioli, con facilidad y precisi\u00f3n. \u00a1Descubre la diversidad gastron\u00f3mica italiana en tu propia cocina! \u2705 Calidad y Durabilidad: Fabricada con acero inoxidable de grado alimentario, nuestra m\u00e1quina de pasta manual no solo es duradera, sino que tambi\u00e9n garantiza la m\u00e1xima seguridad alimentaria. \u2705 7 Ajustes de Espesor: Personaliza el grosor de tu pasta favorita eligiendo entre 7 ajustes de espesor diferentes. Ya sea para lasa\u00f1as o fettuccine, siempre tendr\u00e1s la textura perfecta. \u2705 Facilidad de Uso: Gracias a su dise\u00f1o manual con una manivela de buen agarre y una abrazadera s\u00f3lida, la operaci\u00f3n es sencilla y segura. Adem\u00e1s, el set incluye un secador de pasta para acelerar el proceso de secado. \u2705 Garant\u00eda y Atenci\u00f3n al Cliente: Ofrecemos una garant\u00eda de 2 a\u00f1os para tu tranquilidad y un servicio al cliente disponible 7 d\u00edas a la semana. \u00a1Tu satisfacci\u00f3n es nuestra prioridad n\u00famero uno!","og_url":"https:\/\/veohome.com\/es\/produit\/maquina-de-pasta-manual-veohome-acero-inoxidable-herramienta-versatil-con-grosor-ajustable\/","og_site_name":"VeoHome ES","article_modified_time":"2026-04-22T01:47:01+00:00","og_image":[{"width":2000,"height":2000,"url":"https:\/\/veohome.com\/es\/wp-content\/uploads\/sites\/7\/2023\/10\/1-1.jpg","type":"image\/jpeg"}],"twitter_card":"summary_large_image","twitter_misc":{"Tiempo de lectura":"2 minutos"},"schema":{"@context":"https:\/\/schema.org","@graph":[{"@type":"WebPage","@id":"https:\/\/veohome.com\/es\/produit\/maquina-de-pasta-manual-veohome-acero-inoxidable-herramienta-versatil-con-grosor-ajustable\/","url":"https:\/\/veohome.com\/es\/produit\/maquina-de-pasta-manual-veohome-acero-inoxidable-herramienta-versatil-con-grosor-ajustable\/","name":"M\u00e1quina de Pasta Manual VeoHome: acero inoxidable, herramienta vers\u00e1til con grosor ajustable - VeoHome ES","isPartOf":{"@id":"https:\/\/veohome.com\/es\/#website"},"primaryImageOfPage":{"@id":"https:\/\/veohome.com\/es\/produit\/maquina-de-pasta-manual-veohome-acero-inoxidable-herramienta-versatil-con-grosor-ajustable\/#primaryimage"},"image":{"@id":"https:\/\/veohome.com\/es\/produit\/maquina-de-pasta-manual-veohome-acero-inoxidable-herramienta-versatil-con-grosor-ajustable\/#primaryimage"},"thumbnailUrl":"https:\/\/veohome.com\/es\/wp-content\/uploads\/sites\/7\/2023\/10\/1-1.jpg","datePublished":"2023-10-04T08:50:22+00:00","dateModified":"2026-04-22T01:47:01+00:00","breadcrumb":{"@id":"https:\/\/veohome.com\/es\/produit\/maquina-de-pasta-manual-veohome-acero-inoxidable-herramienta-versatil-con-grosor-ajustable\/#breadcrumb"},"inLanguage":"es","potentialAction":[{"@type":"ReadAction","target":["https:\/\/veohome.com\/es\/produit\/maquina-de-pasta-manual-veohome-acero-inoxidable-herramienta-versatil-con-grosor-ajustable\/"]}]},{"@type":"ImageObject","inLanguage":"es","@id":"https:\/\/veohome.com\/es\/produit\/maquina-de-pasta-manual-veohome-acero-inoxidable-herramienta-versatil-con-grosor-ajustable\/#primaryimage","url":"https:\/\/veohome.com\/es\/wp-content\/uploads\/sites\/7\/2023\/10\/1-1.jpg","contentUrl":"https:\/\/veohome.com\/es\/wp-content\/uploads\/sites\/7\/2023\/10\/1-1.jpg","width":2000,"height":2000},{"@type":"BreadcrumbList","@id":"https:\/\/veohome.com\/es\/produit\/maquina-de-pasta-manual-veohome-acero-inoxidable-herramienta-versatil-con-grosor-ajustable\/#breadcrumb","itemListElement":[{"@type":"ListItem","position":1,"name":"Accueil","item":"https:\/\/veohome.com\/es\/"},{"@type":"ListItem","position":2,"name":"Shop","item":"https:\/\/veohome.com\/es\/shop\/"},{"@type":"ListItem","position":3,"name":"M\u00e1quina de Pasta Manual VeoHome: acero inoxidable, herramienta vers\u00e1til con grosor ajustable"}]},{"@type":"WebSite","@id":"https:\/\/veohome.com\/es\/#website","url":"https:\/\/veohome.com\/es\/","name":"VeoHome ES","description":"","potentialAction":[{"@type":"SearchAction","target":{"@type":"EntryPoint","urlTemplate":"https:\/\/veohome.com\/es\/?s={search_term_string}"},"query-input":{"@type":"PropertyValueSpecification","valueRequired":true,"valueName":"search_term_string"}}],"inLanguage":"es"}]}},"taxonomy_info":{"product_cat":[{"value":15,"label":"Non class\u00e9"}]},"featured_image_src_large":["https:\/\/veohome.com\/es\/wp-content\/uploads\/sites\/7\/2023\/10\/1-1-1024x1024.jpg",1024,1024,true],"author_info":[],"comment_info":4,"_links":{"self":[{"href":"https:\/\/veohome.com\/es\/wp-json\/wp\/v2\/product\/72","targetHints":{"allow":["GET"]}}],"collection":[{"href":"https:\/\/veohome.com\/es\/wp-json\/wp\/v2\/product"}],"about":[{"href":"https:\/\/veohome.com\/es\/wp-json\/wp\/v2\/types\/product"}],"replies":[{"embeddable":true,"href":"https:\/\/veohome.com\/es\/wp-json\/wp\/v2\/comments?post=72"}],"wp:featuredmedia":[{"embeddable":true,"href":"https:\/\/veohome.com\/es\/wp-json\/wp\/v2\/media\/73"}],"wp:attachment":[{"href":"https:\/\/veohome.com\/es\/wp-json\/wp\/v2\/media?parent=72"}],"wp:term":[{"taxonomy":"product_brand","embeddable":true,"href":"https:\/\/veohome.com\/es\/wp-json\/wp\/v2\/product_brand?post=72"},{"taxonomy":"product_cat","embeddable":true,"href":"https:\/\/veohome.com\/es\/wp-json\/wp\/v2\/product_cat?post=72"},{"taxonomy":"product_tag","embeddable":true,"href":"https:\/\/veohome.com\/es\/wp-json\/wp\/v2\/product_tag?post=72"}],"curies":[{"name":"wp","href":"https:\/\/api.w.org\/{rel}","templated":true}]}}