{"id":20,"date":"2018-06-21T11:07:39","date_gmt":"2018-06-21T09:07:39","guid":{"rendered":"https:\/\/veohome.com\/it\/?page_id=20"},"modified":"2023-09-05T04:34:08","modified_gmt":"2023-09-05T02:34:08","slug":"contattaci","status":"publish","type":"page","link":"https:\/\/veohome.com\/it\/contattaci\/","title":{"rendered":"Contattaci"},"content":{"rendered":"\n<p>Per contattarci a VeoHome, niente potrebbe essere pi\u00f9 semplice! Devi solo completare i campi qui sotto affinch\u00e9 possiamo avere tutte le informazioni e i dettagli di contatto per soddisfare le tue richieste.<\/p>\n\n\n\n<p>Il team di VeoHome \u00e8 disponibile 7 giorni su 7 e risponde entro 24 ore al 99% delle e-mail. Se non ricevi una risposta alla tua email entro 24 ore, controlla la tua cartella di spam e non esitare a contattarci di nuovo.<\/p>\n\n\n\n\n<div class=\"wpcf7 no-js\" id=\"wpcf7-f89-o1\" lang=\"fr-FR\" dir=\"ltr\" data-wpcf7-id=\"89\">\n<div class=\"screen-reader-response\"><p role=\"status\" aria-live=\"polite\" aria-atomic=\"true\"><\/p> <ul><\/ul><\/div>\n<form action=\"\/it\/wp-json\/wp\/v2\/pages\/20#wpcf7-f89-o1\" method=\"post\" class=\"wpcf7-form init\" aria-label=\"Formulaire de contact\" novalidate=\"novalidate\" data-status=\"init\">\n<fieldset class=\"hidden-fields-container\"><input type=\"hidden\" name=\"_wpcf7\" value=\"89\" \/><input type=\"hidden\" name=\"_wpcf7_version\" value=\"6.1.5\" \/><input type=\"hidden\" name=\"_wpcf7_locale\" value=\"fr_FR\" \/><input type=\"hidden\" name=\"_wpcf7_unit_tag\" value=\"wpcf7-f89-o1\" \/><input type=\"hidden\" name=\"_wpcf7_container_post\" value=\"0\" \/><input type=\"hidden\" name=\"_wpcf7_posted_data_hash\" value=\"\" \/>\n<\/fieldset>\n<p><label> Il tuo nome (obbligatorio)<br \/>\n<span class=\"wpcf7-form-control-wrap\" data-name=\"your-name\"><input size=\"40\" maxlength=\"400\" class=\"wpcf7-form-control wpcf7-text wpcf7-validates-as-required\" aria-required=\"true\" aria-invalid=\"false\" value=\"\" type=\"text\" name=\"your-name\" \/><\/span> <\/label>\n<\/p>\n<p><label> La tua email (obbligatorio)<br \/>\n<span class=\"wpcf7-form-control-wrap\" data-name=\"your-email\"><input size=\"40\" maxlength=\"400\" class=\"wpcf7-form-control wpcf7-email wpcf7-validates-as-required wpcf7-text wpcf7-validates-as-email\" aria-required=\"true\" aria-invalid=\"false\" value=\"\" type=\"email\" name=\"your-email\" \/><\/span> <\/label>\n<\/p>\n<p><label> Oggetto<br \/>\n<span class=\"wpcf7-form-control-wrap\" data-name=\"your-subject\"><input size=\"40\" maxlength=\"400\" class=\"wpcf7-form-control wpcf7-text\" aria-invalid=\"false\" value=\"\" type=\"text\" name=\"your-subject\" \/><\/span> <\/label>\n<\/p>\n<p><label> Il tuo messaggio<br \/>\n<span class=\"wpcf7-form-control-wrap\" data-name=\"your-message\"><textarea cols=\"40\" rows=\"10\" maxlength=\"2000\" class=\"wpcf7-form-control wpcf7-textarea\" aria-invalid=\"false\" name=\"your-message\"><\/textarea><\/span> <\/label>\n<\/p>\n<p><span class=\"wpcf7-form-control-wrap\" data-name=\"math-quiz\"><label><span class=\"wpcf7-quiz-label\">3+8=?<\/span> <input size=\"40\" class=\"wpcf7-form-control wpcf7-quiz\" autocomplete=\"off\" aria-required=\"true\" aria-invalid=\"false\" type=\"text\" name=\"math-quiz\" \/><\/label><input type=\"hidden\" name=\"_wpcf7_quiz_answer_math-quiz\" value=\"007b47f9231c56215b236245ce1f74bd\" \/><\/span>\n<\/p>\n<p><input class=\"wpcf7-form-control wpcf7-submit has-spinner\" type=\"submit\" value=\"Invia\" \/>\n<\/p><div class=\"wpcf7-response-output\" aria-hidden=\"true\"><\/div>\n<\/form>\n<\/div>\n\n","protected":false},"excerpt":{"rendered":"<p>Per contattarci a VeoHome, niente potrebbe essere pi\u00f9 semplice! Devi solo completare i campi qui sotto affinch\u00e9 possiamo avere tutte le informazioni e i dettagli di contatto per soddisfare le tue richieste. Il team di VeoHome \u00e8 disponibile 7 giorni &hellip; <a class=\"kt-excerpt-readmore\" href=\"https:\/\/veohome.com\/it\/contattaci\/\" aria-label=\"Contattaci\">Read More<\/a><\/p>\n","protected":false},"author":4,"featured_media":0,"parent":0,"menu_order":0,"comment_status":"closed","ping_status":"closed","template":"","meta":{"kt_blocks_editor_width":"","footnotes":""},"class_list":["post-20","page","type-page","status-publish","hentry"],"yoast_head":"<!-- This site is optimized with the Yoast SEO plugin v27.2 - https:\/\/yoast.com\/product\/yoast-seo-wordpress\/ -->\n<title>Contattaci - VeoHome IT<\/title>\n<meta name=\"robots\" content=\"index, follow, max-snippet:-1, max-image-preview:large, max-video-preview:-1\" \/>\n<link rel=\"canonical\" href=\"https:\/\/veohome.com\/it\/contattaci\/\" \/>\n<meta property=\"og:locale\" content=\"it_IT\" \/>\n<meta property=\"og:type\" content=\"article\" \/>\n<meta property=\"og:title\" content=\"Contattaci - VeoHome IT\" \/>\n<meta property=\"og:description\" content=\"Per contattarci a VeoHome, niente potrebbe essere pi\u00f9 semplice! Devi solo completare i campi qui sotto affinch\u00e9 possiamo avere tutte le informazioni e i dettagli di contatto per soddisfare le tue richieste. Il team di VeoHome \u00e8 disponibile 7 giorni &hellip; Read More\" \/>\n<meta property=\"og:url\" content=\"https:\/\/veohome.com\/it\/contattaci\/\" \/>\n<meta property=\"og:site_name\" content=\"VeoHome IT\" \/>\n<meta property=\"article:modified_time\" content=\"2023-09-05T02:34:08+00:00\" \/>\n<meta name=\"twitter:card\" content=\"summary_large_image\" \/>\n<script type=\"application\/ld+json\" class=\"yoast-schema-graph\">{\"@context\":\"https:\/\/schema.org\",\"@graph\":[{\"@type\":\"WebPage\",\"@id\":\"https:\/\/veohome.com\/it\/contattaci\/\",\"url\":\"https:\/\/veohome.com\/it\/contattaci\/\",\"name\":\"Contattaci - VeoHome IT\",\"isPartOf\":{\"@id\":\"https:\/\/veohome.com\/it\/#website\"},\"datePublished\":\"2018-06-21T09:07:39+00:00\",\"dateModified\":\"2023-09-05T02:34:08+00:00\",\"breadcrumb\":{\"@id\":\"https:\/\/veohome.com\/it\/contattaci\/#breadcrumb\"},\"inLanguage\":\"it-IT\",\"potentialAction\":[{\"@type\":\"ReadAction\",\"target\":[\"https:\/\/veohome.com\/it\/contattaci\/\"]}]},{\"@type\":\"BreadcrumbList\",\"@id\":\"https:\/\/veohome.com\/it\/contattaci\/#breadcrumb\",\"itemListElement\":[{\"@type\":\"ListItem\",\"position\":1,\"name\":\"Accueil\",\"item\":\"https:\/\/veohome.com\/it\/\"},{\"@type\":\"ListItem\",\"position\":2,\"name\":\"Contattaci\"}]},{\"@type\":\"WebSite\",\"@id\":\"https:\/\/veohome.com\/it\/#website\",\"url\":\"https:\/\/veohome.com\/it\/\",\"name\":\"VeoHome IT\",\"description\":\"\",\"potentialAction\":[{\"@type\":\"SearchAction\",\"target\":{\"@type\":\"EntryPoint\",\"urlTemplate\":\"https:\/\/veohome.com\/it\/?s={search_term_string}\"},\"query-input\":{\"@type\":\"PropertyValueSpecification\",\"valueRequired\":true,\"valueName\":\"search_term_string\"}}],\"inLanguage\":\"it-IT\"}]}<\/script>\n<!-- \/ Yoast SEO plugin. -->","yoast_head_json":{"title":"Contattaci - VeoHome IT","robots":{"index":"index","follow":"follow","max-snippet":"max-snippet:-1","max-image-preview":"max-image-preview:large","max-video-preview":"max-video-preview:-1"},"canonical":"https:\/\/veohome.com\/it\/contattaci\/","og_locale":"it_IT","og_type":"article","og_title":"Contattaci - VeoHome IT","og_description":"Per contattarci a VeoHome, niente potrebbe essere pi\u00f9 semplice! Devi solo completare i campi qui sotto affinch\u00e9 possiamo avere tutte le informazioni e i dettagli di contatto per soddisfare le tue richieste. Il team di VeoHome \u00e8 disponibile 7 giorni &hellip; Read More","og_url":"https:\/\/veohome.com\/it\/contattaci\/","og_site_name":"VeoHome IT","article_modified_time":"2023-09-05T02:34:08+00:00","twitter_card":"summary_large_image","schema":{"@context":"https:\/\/schema.org","@graph":[{"@type":"WebPage","@id":"https:\/\/veohome.com\/it\/contattaci\/","url":"https:\/\/veohome.com\/it\/contattaci\/","name":"Contattaci - VeoHome IT","isPartOf":{"@id":"https:\/\/veohome.com\/it\/#website"},"datePublished":"2018-06-21T09:07:39+00:00","dateModified":"2023-09-05T02:34:08+00:00","breadcrumb":{"@id":"https:\/\/veohome.com\/it\/contattaci\/#breadcrumb"},"inLanguage":"it-IT","potentialAction":[{"@type":"ReadAction","target":["https:\/\/veohome.com\/it\/contattaci\/"]}]},{"@type":"BreadcrumbList","@id":"https:\/\/veohome.com\/it\/contattaci\/#breadcrumb","itemListElement":[{"@type":"ListItem","position":1,"name":"Accueil","item":"https:\/\/veohome.com\/it\/"},{"@type":"ListItem","position":2,"name":"Contattaci"}]},{"@type":"WebSite","@id":"https:\/\/veohome.com\/it\/#website","url":"https:\/\/veohome.com\/it\/","name":"VeoHome IT","description":"","potentialAction":[{"@type":"SearchAction","target":{"@type":"EntryPoint","urlTemplate":"https:\/\/veohome.com\/it\/?s={search_term_string}"},"query-input":{"@type":"PropertyValueSpecification","valueRequired":true,"valueName":"search_term_string"}}],"inLanguage":"it-IT"}]}},"_links":{"self":[{"href":"https:\/\/veohome.com\/it\/wp-json\/wp\/v2\/pages\/20","targetHints":{"allow":["GET"]}}],"collection":[{"href":"https:\/\/veohome.com\/it\/wp-json\/wp\/v2\/pages"}],"about":[{"href":"https:\/\/veohome.com\/it\/wp-json\/wp\/v2\/types\/page"}],"author":[{"embeddable":true,"href":"https:\/\/veohome.com\/it\/wp-json\/wp\/v2\/users\/4"}],"replies":[{"embeddable":true,"href":"https:\/\/veohome.com\/it\/wp-json\/wp\/v2\/comments?post=20"}],"version-history":[{"count":11,"href":"https:\/\/veohome.com\/it\/wp-json\/wp\/v2\/pages\/20\/revisions"}],"predecessor-version":[{"id":390,"href":"https:\/\/veohome.com\/it\/wp-json\/wp\/v2\/pages\/20\/revisions\/390"}],"wp:attachment":[{"href":"https:\/\/veohome.com\/it\/wp-json\/wp\/v2\/media?parent=20"}],"curies":[{"name":"wp","href":"https:\/\/api.w.org\/{rel}","templated":true}]}}