{"id":339,"date":"2023-05-24T10:38:19","date_gmt":"2023-05-24T08:38:19","guid":{"rendered":"https:\/\/veohome.com\/it\/?page_id=339"},"modified":"2023-06-13T08:24:27","modified_gmt":"2023-06-13T06:24:27","slug":"casseruola-in-ghisa-smaltata-veohome","status":"publish","type":"page","link":"https:\/\/veohome.com\/it\/casseruola-in-ghisa-smaltata-veohome\/","title":{"rendered":"<strong>Casseruola in Ghisa Smaltata VeoHome<\/strong>"},"content":{"rendered":"<style>.wp-block-kadence-advancedheading.kt-adv-heading_4cb6cd-1d, .wp-block-kadence-advancedheading.kt-adv-heading_4cb6cd-1d[data-kb-block=\"kb-adv-heading_4cb6cd-1d\"]{font-style:normal;}.wp-block-kadence-advancedheading.kt-adv-heading_4cb6cd-1d mark.kt-highlight, .wp-block-kadence-advancedheading.kt-adv-heading_4cb6cd-1d[data-kb-block=\"kb-adv-heading_4cb6cd-1d\"] mark.kt-highlight{font-style:normal;color:#f76a0c;-webkit-box-decoration-break:clone;box-decoration-break:clone;padding-top:0px;padding-right:0px;padding-bottom:0px;padding-left:0px;}.wp-block-kadence-advancedheading.kt-adv-heading_4cb6cd-1d img.kb-inline-image, .wp-block-kadence-advancedheading.kt-adv-heading_4cb6cd-1d[data-kb-block=\"kb-adv-heading_4cb6cd-1d\"] img.kb-inline-image{width:150px;vertical-align:baseline;}<\/style>\n<h2 class=\"kt-adv-heading_4cb6cd-1d wp-block-kadence-advancedheading\" data-kb-block=\"kb-adv-heading_4cb6cd-1d\">Perch\u00e9 cucinare con una pentola in ghisa? <\/h2>\n\n\n\n<p>La pentola in ghisa \u00e8 un utensile da cucina versatile e durevole, spesso considerato uno degli indispensabili della cucina. I cuochi professionisti e gli appassionati di cucina la usano da decenni per preparare piatti gustosi, sani e nutrienti.<\/p>\n\n\n\n<p>La ghisa \u00e8 innanzitutto un materiale da cottura versatile che pu\u00f2 essere utilizzato su una variet\u00e0 di superfici di cottura, compresi fornelli a gas, elettrici, a induzione e anche griglie. Questo la rende una scelta ideale per le persone che cucinano spesso e per le famiglie con membri con diverse preferenze culinarie.<\/p>\n\n\n\n<p>Un materiale che trattiene il calore, il che significa che gli alimenti cuociono in modo uniforme e mantengono il loro sapore. Il calore \u00e8 distribuito in modo uniforme nella pentola, permettendo di cucinare gli alimenti in modo uniforme e senza che si brucino. Le pentole in ghisa possono anche essere utilizzate per cotture lunghe e lente, il che permette di esaltare gli aromi e i sapori degli ingredienti.<\/p>\n\n\n\n<figure class=\"wp-block-image size-full is-resized\"><img loading=\"lazy\" decoding=\"async\" src=\"https:\/\/veohome.com\/it\/wp-content\/uploads\/sites\/5\/2023\/05\/Sans-titre-1-4-1024x683-1.jpg\" alt=\"\" class=\"wp-image-340\" width=\"768\" height=\"512\" srcset=\"https:\/\/veohome.com\/it\/wp-content\/uploads\/sites\/5\/2023\/05\/Sans-titre-1-4-1024x683-1.jpg 1024w, https:\/\/veohome.com\/it\/wp-content\/uploads\/sites\/5\/2023\/05\/Sans-titre-1-4-1024x683-1-300x200.jpg 300w, https:\/\/veohome.com\/it\/wp-content\/uploads\/sites\/5\/2023\/05\/Sans-titre-1-4-1024x683-1-768x512.jpg 768w, https:\/\/veohome.com\/it\/wp-content\/uploads\/sites\/5\/2023\/05\/Sans-titre-1-4-1024x683-1-600x400.jpg 600w\" sizes=\"auto, (max-width: 768px) 100vw, 768px\" \/><\/figure>\n\n\n<style>.wp-block-kadence-advancedheading.kt-adv-heading_3315f0-02, .wp-block-kadence-advancedheading.kt-adv-heading_3315f0-02[data-kb-block=\"kb-adv-heading_3315f0-02\"]{font-style:normal;}.wp-block-kadence-advancedheading.kt-adv-heading_3315f0-02 mark.kt-highlight, .wp-block-kadence-advancedheading.kt-adv-heading_3315f0-02[data-kb-block=\"kb-adv-heading_3315f0-02\"] mark.kt-highlight{font-style:normal;color:#f76a0c;-webkit-box-decoration-break:clone;box-decoration-break:clone;padding-top:0px;padding-right:0px;padding-bottom:0px;padding-left:0px;}.wp-block-kadence-advancedheading.kt-adv-heading_3315f0-02 img.kb-inline-image, .wp-block-kadence-advancedheading.kt-adv-heading_3315f0-02[data-kb-block=\"kb-adv-heading_3315f0-02\"] img.kb-inline-image{width:150px;vertical-align:baseline;}<\/style>\n<h2 class=\"kt-adv-heading_3315f0-02 wp-block-kadence-advancedheading\" data-kb-block=\"kb-adv-heading_3315f0-02\">Mantenere la tua pentola in ghisa <\/h2>\n\n\n\n<p>Quando riceverai la tua pentola in ghisa smaltata, \u00e8 importante lavarla prima di utilizzarla per la prima volta. Per fare questo, usa acqua calda saponata e strofina la superficie con una spugna morbida o una spazzola in nylon. Risciacqua accuratamente la pentola con acqua pulita e asciugala completamente prima di utilizzarla.<\/p>\n\n\n\n<p>Dopo ogni uso, \u00e8 importante pulire bene la tua pentola in ghisa smaltata. Prima di tutto, lasciala raffreddare completamente prima di lavarla con acqua calda saponata. Usa una spugna morbida o una spazzola in nylon per strofinare la superficie e rimuovere i residui di cibo. Risciacqua accuratamente la pentola con acqua pulita e asciugala completamente.<\/p>\n\n\n\n<p>\u00c8 importante non utilizzare prodotti abrasivi per pulire la tua pentola in ghisa smaltata, perch\u00e9 potrebbero danneggiare lo smalto. Evita anche di lasciare la pentola a bagno nell&#8217;acqua per un lungo periodo di tempo, perch\u00e9 potrebbe gonfiare lo smalto. Se persistono delle macchie, puoi rimuoverle con una miscela di bicarbonato di sodio e acqua, o con aceto bianco.<\/p>\n\n\n\n<p>Per preservare lo smalto della tua pentola in ghisa, evita di scaldarla a vuoto o di riscaldarla a una temperatura molto alta per un lungo periodo di tempo. Non posizionare la tua pentola in ghisa smaltata direttamente su una fiamma nuda, perch\u00e9 potrebbe danneggiare lo smalto. \u00c8 importante anche non utilizzare utensili metallici nella tua pentola, perch\u00e9 potrebbero graffiare lo smalto.<\/p>\n\n\n\n<p>Infine, per conservare la tua pentola in ghisa smaltata, assicurati che sia completamente asciutta prima di riporla. Evita di riporla con altri utensili da cucina in metallo che potrebbero graffiare lo smalto. Se impili le tue pentole in ghisa smaltate, metti un tovagliolo di carta tra ogni pentola per evitare graffi.<\/p>\n\n\n\n<figure class=\"wp-block-image size-large is-resized\"><img loading=\"lazy\" decoding=\"async\" src=\"https:\/\/veohome.com\/it\/wp-content\/uploads\/sites\/5\/2023\/05\/Sans-titre-2-3-2048x1365-1-1024x683.jpg\" alt=\"\" class=\"wp-image-341\" width=\"768\" height=\"512\" srcset=\"https:\/\/veohome.com\/it\/wp-content\/uploads\/sites\/5\/2023\/05\/Sans-titre-2-3-2048x1365-1-1024x683.jpg 1024w, https:\/\/veohome.com\/it\/wp-content\/uploads\/sites\/5\/2023\/05\/Sans-titre-2-3-2048x1365-1-300x200.jpg 300w, https:\/\/veohome.com\/it\/wp-content\/uploads\/sites\/5\/2023\/05\/Sans-titre-2-3-2048x1365-1-768x512.jpg 768w, https:\/\/veohome.com\/it\/wp-content\/uploads\/sites\/5\/2023\/05\/Sans-titre-2-3-2048x1365-1-1536x1024.jpg 1536w, https:\/\/veohome.com\/it\/wp-content\/uploads\/sites\/5\/2023\/05\/Sans-titre-2-3-2048x1365-1-600x400.jpg 600w, https:\/\/veohome.com\/it\/wp-content\/uploads\/sites\/5\/2023\/05\/Sans-titre-2-3-2048x1365-1.jpg 2048w\" sizes=\"auto, (max-width: 768px) 100vw, 768px\" \/><\/figure>\n","protected":false},"excerpt":{"rendered":"<p>Perch\u00e9 cucinare con una pentola in ghisa? La pentola in ghisa \u00e8 un utensile da cucina versatile e durevole, spesso considerato uno degli indispensabili della cucina. I cuochi professionisti e gli appassionati di cucina la usano da decenni per preparare &hellip; <a class=\"kt-excerpt-readmore\" href=\"https:\/\/veohome.com\/it\/casseruola-in-ghisa-smaltata-veohome\/\" aria-label=\"&lt;strong&gt;Casseruola in Ghisa Smaltata VeoHome&lt;\/strong&gt;\">Read More<\/a><\/p>\n","protected":false},"author":4,"featured_media":0,"parent":0,"menu_order":0,"comment_status":"closed","ping_status":"closed","template":"","meta":{"kt_blocks_editor_width":"","footnotes":""},"class_list":["post-339","page","type-page","status-publish","hentry"],"yoast_head":"<!-- This site is optimized with the Yoast SEO plugin v27.2 - https:\/\/yoast.com\/product\/yoast-seo-wordpress\/ -->\n<title>Casseruola in Ghisa Smaltata VeoHome - VeoHome IT<\/title>\n<meta name=\"robots\" content=\"index, follow, max-snippet:-1, max-image-preview:large, max-video-preview:-1\" \/>\n<link rel=\"canonical\" href=\"https:\/\/veohome.com\/it\/casseruola-in-ghisa-smaltata-veohome\/\" \/>\n<meta property=\"og:locale\" content=\"it_IT\" \/>\n<meta property=\"og:type\" content=\"article\" \/>\n<meta property=\"og:title\" content=\"Casseruola in Ghisa Smaltata VeoHome - VeoHome IT\" \/>\n<meta property=\"og:description\" content=\"Perch\u00e9 cucinare con una pentola in ghisa? La pentola in ghisa \u00e8 un utensile da cucina versatile e durevole, spesso considerato uno degli indispensabili della cucina. I cuochi professionisti e gli appassionati di cucina la usano da decenni per preparare &hellip; Read More\" \/>\n<meta property=\"og:url\" content=\"https:\/\/veohome.com\/it\/casseruola-in-ghisa-smaltata-veohome\/\" \/>\n<meta property=\"og:site_name\" content=\"VeoHome IT\" \/>\n<meta property=\"article:modified_time\" content=\"2023-06-13T06:24:27+00:00\" \/>\n<meta property=\"og:image\" content=\"https:\/\/veohome.com\/it\/wp-content\/uploads\/sites\/5\/2023\/05\/Sans-titre-1-4-1024x683-1.jpg\" \/>\n<meta name=\"twitter:card\" content=\"summary_large_image\" \/>\n<meta name=\"twitter:label1\" content=\"Tempo di lettura stimato\" \/>\n\t<meta name=\"twitter:data1\" content=\"2 minuti\" \/>\n<script type=\"application\/ld+json\" class=\"yoast-schema-graph\">{\"@context\":\"https:\/\/schema.org\",\"@graph\":[{\"@type\":\"WebPage\",\"@id\":\"https:\/\/veohome.com\/it\/casseruola-in-ghisa-smaltata-veohome\/\",\"url\":\"https:\/\/veohome.com\/it\/casseruola-in-ghisa-smaltata-veohome\/\",\"name\":\"Casseruola in Ghisa Smaltata VeoHome - VeoHome IT\",\"isPartOf\":{\"@id\":\"https:\/\/veohome.com\/it\/#website\"},\"primaryImageOfPage\":{\"@id\":\"https:\/\/veohome.com\/it\/casseruola-in-ghisa-smaltata-veohome\/#primaryimage\"},\"image\":{\"@id\":\"https:\/\/veohome.com\/it\/casseruola-in-ghisa-smaltata-veohome\/#primaryimage\"},\"thumbnailUrl\":\"https:\/\/veohome.com\/it\/wp-content\/uploads\/sites\/5\/2023\/05\/Sans-titre-1-4-1024x683-1.jpg\",\"datePublished\":\"2023-05-24T08:38:19+00:00\",\"dateModified\":\"2023-06-13T06:24:27+00:00\",\"breadcrumb\":{\"@id\":\"https:\/\/veohome.com\/it\/casseruola-in-ghisa-smaltata-veohome\/#breadcrumb\"},\"inLanguage\":\"it-IT\",\"potentialAction\":[{\"@type\":\"ReadAction\",\"target\":[\"https:\/\/veohome.com\/it\/casseruola-in-ghisa-smaltata-veohome\/\"]}]},{\"@type\":\"ImageObject\",\"inLanguage\":\"it-IT\",\"@id\":\"https:\/\/veohome.com\/it\/casseruola-in-ghisa-smaltata-veohome\/#primaryimage\",\"url\":\"https:\/\/veohome.com\/it\/wp-content\/uploads\/sites\/5\/2023\/05\/Sans-titre-1-4-1024x683-1.jpg\",\"contentUrl\":\"https:\/\/veohome.com\/it\/wp-content\/uploads\/sites\/5\/2023\/05\/Sans-titre-1-4-1024x683-1.jpg\",\"width\":1024,\"height\":683},{\"@type\":\"BreadcrumbList\",\"@id\":\"https:\/\/veohome.com\/it\/casseruola-in-ghisa-smaltata-veohome\/#breadcrumb\",\"itemListElement\":[{\"@type\":\"ListItem\",\"position\":1,\"name\":\"Accueil\",\"item\":\"https:\/\/veohome.com\/it\/\"},{\"@type\":\"ListItem\",\"position\":2,\"name\":\"&lt;strong&gt;Casseruola in Ghisa Smaltata VeoHome&lt;\/strong&gt;\"}]},{\"@type\":\"WebSite\",\"@id\":\"https:\/\/veohome.com\/it\/#website\",\"url\":\"https:\/\/veohome.com\/it\/\",\"name\":\"VeoHome IT\",\"description\":\"\",\"potentialAction\":[{\"@type\":\"SearchAction\",\"target\":{\"@type\":\"EntryPoint\",\"urlTemplate\":\"https:\/\/veohome.com\/it\/?s={search_term_string}\"},\"query-input\":{\"@type\":\"PropertyValueSpecification\",\"valueRequired\":true,\"valueName\":\"search_term_string\"}}],\"inLanguage\":\"it-IT\"}]}<\/script>\n<!-- \/ Yoast SEO plugin. -->","yoast_head_json":{"title":"Casseruola in Ghisa Smaltata VeoHome - VeoHome IT","robots":{"index":"index","follow":"follow","max-snippet":"max-snippet:-1","max-image-preview":"max-image-preview:large","max-video-preview":"max-video-preview:-1"},"canonical":"https:\/\/veohome.com\/it\/casseruola-in-ghisa-smaltata-veohome\/","og_locale":"it_IT","og_type":"article","og_title":"Casseruola in Ghisa Smaltata VeoHome - VeoHome IT","og_description":"Perch\u00e9 cucinare con una pentola in ghisa? La pentola in ghisa \u00e8 un utensile da cucina versatile e durevole, spesso considerato uno degli indispensabili della cucina. I cuochi professionisti e gli appassionati di cucina la usano da decenni per preparare &hellip; Read More","og_url":"https:\/\/veohome.com\/it\/casseruola-in-ghisa-smaltata-veohome\/","og_site_name":"VeoHome IT","article_modified_time":"2023-06-13T06:24:27+00:00","og_image":[{"url":"https:\/\/veohome.com\/it\/wp-content\/uploads\/sites\/5\/2023\/05\/Sans-titre-1-4-1024x683-1.jpg","type":"","width":"","height":""}],"twitter_card":"summary_large_image","twitter_misc":{"Tempo di lettura stimato":"2 minuti"},"schema":{"@context":"https:\/\/schema.org","@graph":[{"@type":"WebPage","@id":"https:\/\/veohome.com\/it\/casseruola-in-ghisa-smaltata-veohome\/","url":"https:\/\/veohome.com\/it\/casseruola-in-ghisa-smaltata-veohome\/","name":"Casseruola in Ghisa Smaltata VeoHome - VeoHome IT","isPartOf":{"@id":"https:\/\/veohome.com\/it\/#website"},"primaryImageOfPage":{"@id":"https:\/\/veohome.com\/it\/casseruola-in-ghisa-smaltata-veohome\/#primaryimage"},"image":{"@id":"https:\/\/veohome.com\/it\/casseruola-in-ghisa-smaltata-veohome\/#primaryimage"},"thumbnailUrl":"https:\/\/veohome.com\/it\/wp-content\/uploads\/sites\/5\/2023\/05\/Sans-titre-1-4-1024x683-1.jpg","datePublished":"2023-05-24T08:38:19+00:00","dateModified":"2023-06-13T06:24:27+00:00","breadcrumb":{"@id":"https:\/\/veohome.com\/it\/casseruola-in-ghisa-smaltata-veohome\/#breadcrumb"},"inLanguage":"it-IT","potentialAction":[{"@type":"ReadAction","target":["https:\/\/veohome.com\/it\/casseruola-in-ghisa-smaltata-veohome\/"]}]},{"@type":"ImageObject","inLanguage":"it-IT","@id":"https:\/\/veohome.com\/it\/casseruola-in-ghisa-smaltata-veohome\/#primaryimage","url":"https:\/\/veohome.com\/it\/wp-content\/uploads\/sites\/5\/2023\/05\/Sans-titre-1-4-1024x683-1.jpg","contentUrl":"https:\/\/veohome.com\/it\/wp-content\/uploads\/sites\/5\/2023\/05\/Sans-titre-1-4-1024x683-1.jpg","width":1024,"height":683},{"@type":"BreadcrumbList","@id":"https:\/\/veohome.com\/it\/casseruola-in-ghisa-smaltata-veohome\/#breadcrumb","itemListElement":[{"@type":"ListItem","position":1,"name":"Accueil","item":"https:\/\/veohome.com\/it\/"},{"@type":"ListItem","position":2,"name":"&lt;strong&gt;Casseruola in Ghisa Smaltata VeoHome&lt;\/strong&gt;"}]},{"@type":"WebSite","@id":"https:\/\/veohome.com\/it\/#website","url":"https:\/\/veohome.com\/it\/","name":"VeoHome IT","description":"","potentialAction":[{"@type":"SearchAction","target":{"@type":"EntryPoint","urlTemplate":"https:\/\/veohome.com\/it\/?s={search_term_string}"},"query-input":{"@type":"PropertyValueSpecification","valueRequired":true,"valueName":"search_term_string"}}],"inLanguage":"it-IT"}]}},"_links":{"self":[{"href":"https:\/\/veohome.com\/it\/wp-json\/wp\/v2\/pages\/339","targetHints":{"allow":["GET"]}}],"collection":[{"href":"https:\/\/veohome.com\/it\/wp-json\/wp\/v2\/pages"}],"about":[{"href":"https:\/\/veohome.com\/it\/wp-json\/wp\/v2\/types\/page"}],"author":[{"embeddable":true,"href":"https:\/\/veohome.com\/it\/wp-json\/wp\/v2\/users\/4"}],"replies":[{"embeddable":true,"href":"https:\/\/veohome.com\/it\/wp-json\/wp\/v2\/comments?post=339"}],"version-history":[{"count":1,"href":"https:\/\/veohome.com\/it\/wp-json\/wp\/v2\/pages\/339\/revisions"}],"predecessor-version":[{"id":342,"href":"https:\/\/veohome.com\/it\/wp-json\/wp\/v2\/pages\/339\/revisions\/342"}],"wp:attachment":[{"href":"https:\/\/veohome.com\/it\/wp-json\/wp\/v2\/media?parent=339"}],"curies":[{"name":"wp","href":"https:\/\/api.w.org\/{rel}","templated":true}]}}