{"id":368,"date":"2023-06-09T08:28:31","date_gmt":"2023-06-09T06:28:31","guid":{"rendered":"https:\/\/veohome.com\/it\/?page_id=368"},"modified":"2023-06-09T08:29:56","modified_gmt":"2023-06-09T06:29:56","slug":"macchina-per-la-pasta-veohome","status":"publish","type":"page","link":"https:\/\/veohome.com\/it\/macchina-per-la-pasta-veohome\/","title":{"rendered":"MACCHINA PER LA PASTA VEOHOME"},"content":{"rendered":"<style>.wp-block-kadence-advancedheading.kt-adv-heading_d32d01-03, .wp-block-kadence-advancedheading.kt-adv-heading_d32d01-03[data-kb-block=\"kb-adv-heading_d32d01-03\"]{font-style:normal;}.wp-block-kadence-advancedheading.kt-adv-heading_d32d01-03 mark.kt-highlight, .wp-block-kadence-advancedheading.kt-adv-heading_d32d01-03[data-kb-block=\"kb-adv-heading_d32d01-03\"] mark.kt-highlight{font-style:normal;color:#f76a0c;-webkit-box-decoration-break:clone;box-decoration-break:clone;padding-top:0px;padding-right:0px;padding-bottom:0px;padding-left:0px;}.wp-block-kadence-advancedheading.kt-adv-heading_d32d01-03 img.kb-inline-image, .wp-block-kadence-advancedheading.kt-adv-heading_d32d01-03[data-kb-block=\"kb-adv-heading_d32d01-03\"] img.kb-inline-image{width:150px;vertical-align:baseline;}<\/style>\n<h3 class=\"kt-adv-heading_d32d01-03 wp-block-kadence-advancedheading\" data-kb-block=\"kb-adv-heading_d32d01-03\">REPARARE LA MACCHINA PER L\u2019USO<\/h3>\n\n\n\n<figure class=\"wp-block-image size-full is-resized\"><img loading=\"lazy\" decoding=\"async\" src=\"https:\/\/veohome.com\/it\/wp-content\/uploads\/sites\/5\/2023\/06\/1-1.jpg\" alt=\"\" class=\"wp-image-369\" width=\"728\" height=\"413\" srcset=\"https:\/\/veohome.com\/it\/wp-content\/uploads\/sites\/5\/2023\/06\/1-1.jpg 970w, https:\/\/veohome.com\/it\/wp-content\/uploads\/sites\/5\/2023\/06\/1-1-300x170.jpg 300w, https:\/\/veohome.com\/it\/wp-content\/uploads\/sites\/5\/2023\/06\/1-1-768x435.jpg 768w, https:\/\/veohome.com\/it\/wp-content\/uploads\/sites\/5\/2023\/06\/1-1-600x340.jpg 600w\" sizes=\"auto, (max-width: 728px) 100vw, 728px\" \/><\/figure>\n\n\n\n<ul class=\"wp-block-list\">\n<li>Pulire la macchina e i suoi accessori con un panno asciutto prima del primo utilizzo.<\/li>\n\n\n\n<li>Attenzione! Non lavare la macchina o degli accessori con l&#8217;acqua, poich\u00e9 potrebbero danneggiarla.<\/li>\n\n\n\n<li>Per la pulizia del laminatoio e degli utensili da taglio si pu\u00f2 usare una piccola quantit\u00e0 di pasta. Poi dovrebbe essere gettata.<\/li>\n\n\n\n<li>Montare la macchina su un tavolo pulito e fissarla saldamente con la vite di serraggio in dotazione.<\/li>\n\n\n\n<li>Inserire la manovella nel foro laterale del laminatoio.<\/li>\n<\/ul>\n\n\n<style>.wp-block-kadence-advancedheading.kt-adv-heading_60fa9c-e1, .wp-block-kadence-advancedheading.kt-adv-heading_60fa9c-e1[data-kb-block=\"kb-adv-heading_60fa9c-e1\"]{font-style:normal;}.wp-block-kadence-advancedheading.kt-adv-heading_60fa9c-e1 mark.kt-highlight, .wp-block-kadence-advancedheading.kt-adv-heading_60fa9c-e1[data-kb-block=\"kb-adv-heading_60fa9c-e1\"] mark.kt-highlight{font-style:normal;color:#f76a0c;-webkit-box-decoration-break:clone;box-decoration-break:clone;padding-top:0px;padding-right:0px;padding-bottom:0px;padding-left:0px;}.wp-block-kadence-advancedheading.kt-adv-heading_60fa9c-e1 img.kb-inline-image, .wp-block-kadence-advancedheading.kt-adv-heading_60fa9c-e1[data-kb-block=\"kb-adv-heading_60fa9c-e1\"] img.kb-inline-image{width:150px;vertical-align:baseline;}<\/style>\n<h3 class=\"kt-adv-heading_60fa9c-e1 wp-block-kadence-advancedheading\" data-kb-block=\"kb-adv-heading_60fa9c-e1\">PEPARARE LA PASTA<\/h3>\n\n\n\n<figure class=\"wp-block-image size-full is-resized\"><img loading=\"lazy\" decoding=\"async\" src=\"https:\/\/veohome.com\/it\/wp-content\/uploads\/sites\/5\/2023\/06\/2-1.jpg\" alt=\"\" class=\"wp-image-370\" width=\"728\" height=\"413\" srcset=\"https:\/\/veohome.com\/it\/wp-content\/uploads\/sites\/5\/2023\/06\/2-1.jpg 970w, https:\/\/veohome.com\/it\/wp-content\/uploads\/sites\/5\/2023\/06\/2-1-300x170.jpg 300w, https:\/\/veohome.com\/it\/wp-content\/uploads\/sites\/5\/2023\/06\/2-1-768x435.jpg 768w, https:\/\/veohome.com\/it\/wp-content\/uploads\/sites\/5\/2023\/06\/2-1-600x340.jpg 600w\" sizes=\"auto, (max-width: 728px) 100vw, 728px\" \/><\/figure>\n\n\n\n<p>Per 6 persone<br>Ingredienti :<br>-500 g di farina di grano bianco (T55 o 00 a seconda della dicitura)<br>-5 uova a temperatura ambiente<\/p>\n\n\n\n<ul class=\"wp-block-list\">\n<li>Versare la farina in una ciotola e scavare un buco al centro.<\/li>\n\n\n\n<li>Rompere le uova nel recipiente e sbatterle con una forchetta fino ad omogeneizzarle.<\/li>\n\n\n\n<li>Con la punta delle dita, iniziate a mescolare delicatamente la farina intorno al recipiente e continuate fino a quando tutta la farina non sar\u00e0 stata impastata e former\u00e0 una palla di pasta.<\/li>\n\n\n\n<li>Quindi lavorate la pasta con le mani per circa dieci minuti. Dovrebbe diventare omogenea e liscia. Se \u00e8 troppo appiccicosa, aggiungere un po&#8217; di farina. Se invece \u00e8 troppo secca e friabile, inumidire leggermente con acqua e continuare a lavorarla. Una volta raggiunta la giusta consistenza, avvolgere la palla in una pellicola aderente o in un panno leggermente umido.<\/li>\n\n\n\n<li>Lasciare riposare in un luogo fresco per almeno mezz&#8217;ora.<\/li>\n<\/ul>\n\n\n<style>.wp-block-kadence-advancedheading.kt-adv-heading_00d3b5-e4, .wp-block-kadence-advancedheading.kt-adv-heading_00d3b5-e4[data-kb-block=\"kb-adv-heading_00d3b5-e4\"]{font-style:normal;}.wp-block-kadence-advancedheading.kt-adv-heading_00d3b5-e4 mark.kt-highlight, .wp-block-kadence-advancedheading.kt-adv-heading_00d3b5-e4[data-kb-block=\"kb-adv-heading_00d3b5-e4\"] mark.kt-highlight{font-style:normal;color:#f76a0c;-webkit-box-decoration-break:clone;box-decoration-break:clone;padding-top:0px;padding-right:0px;padding-bottom:0px;padding-left:0px;}.wp-block-kadence-advancedheading.kt-adv-heading_00d3b5-e4 img.kb-inline-image, .wp-block-kadence-advancedheading.kt-adv-heading_00d3b5-e4[data-kb-block=\"kb-adv-heading_00d3b5-e4\"] img.kb-inline-image{width:150px;vertical-align:baseline;}<\/style>\n<h3 class=\"kt-adv-heading_00d3b5-e4 wp-block-kadence-advancedheading\" data-kb-block=\"kb-adv-heading_00d3b5-e4\">STENDERE LA PASTA<\/h3>\n\n\n\n<figure class=\"wp-block-image size-full is-resized\"><img loading=\"lazy\" decoding=\"async\" src=\"https:\/\/veohome.com\/it\/wp-content\/uploads\/sites\/5\/2023\/06\/3-1.jpg\" alt=\"\" class=\"wp-image-371\" width=\"728\" height=\"413\" srcset=\"https:\/\/veohome.com\/it\/wp-content\/uploads\/sites\/5\/2023\/06\/3-1.jpg 970w, https:\/\/veohome.com\/it\/wp-content\/uploads\/sites\/5\/2023\/06\/3-1-300x170.jpg 300w, https:\/\/veohome.com\/it\/wp-content\/uploads\/sites\/5\/2023\/06\/3-1-768x435.jpg 768w, https:\/\/veohome.com\/it\/wp-content\/uploads\/sites\/5\/2023\/06\/3-1-600x340.jpg 600w\" sizes=\"auto, (max-width: 728px) 100vw, 728px\" \/><\/figure>\n\n\n\n<ul class=\"wp-block-list\">\n<li>Togliere l&#8217;impasto dal frigorifero e disporlo su una superficie leggermente infarinata.<\/li>\n\n\n\n<li>Dividere l&#8217;impasto in diversi pezzi pi\u00f9 piccoli. Rimettere la pasta che non verr\u00e0 usata subito sotto la pellicola di plastica o sotto un panno appena umido in modo che non si secchi.<\/li>\n\n\n\n<li>Prendere un pezzo di pasta e appiattirlo con le mani per facilitarne la lavorazione. Iniziare regolando al livello 1 la tacca del laminatoio. Per fare ci\u00f2, tirare e girare la ruota laterale.<\/li>\n\n\n\n<li>Passare l&#8217;impasto attraverso il laminatoio al livello 1 girando la manovella. Piegare la pasta a met\u00e0 e rimetterla nella macchina. Ripetere il processo tre volte per omogeneizzare l&#8217;impasto.<\/li>\n\n\n\n<li>Quindi passare l&#8217;impasto attraverso il laminatoio, ancora al livello 1, 2 volte senza piegarlo. Se in qualsiasi momento sembra che l&#8217;impasto si possa attaccare alla macchina, spruzzare un po&#8217; di farina.<\/li>\n\n\n\n<li>Quindi cambiare le tacche e far passare l&#8217;impasto attraverso ogni tacca una o due volte per ridurre lo spessore dell&#8217;impasto allo spessore desiderato. Non piegare l&#8217;impasto durante queste operazioni. Tagliare la sfoglia se diventa troppo lunga e difficile da lavorare.<\/li>\n\n\n\n<li>Ad esempio, la tacca 4 \u00e8 adatta per gli spaghetti, la tacca 6 \u00e8 adatta per le fettuccine o le lasagne e la tacca 9 \u00e8 ideale per i ravioli o i tortellini di pasta ripiena.<\/li>\n\n\n\n<li>Disporre le sfoglie di pasta su una superficie piana e leggermente infarinata. Cospargerli di farina per evitare che si attacchino mentre aspettano di essere tagliati.<\/li>\n<\/ul>\n\n\n<style>.wp-block-kadence-advancedheading.kt-adv-heading_d80f29-1e, .wp-block-kadence-advancedheading.kt-adv-heading_d80f29-1e[data-kb-block=\"kb-adv-heading_d80f29-1e\"]{font-style:normal;}.wp-block-kadence-advancedheading.kt-adv-heading_d80f29-1e mark.kt-highlight, .wp-block-kadence-advancedheading.kt-adv-heading_d80f29-1e[data-kb-block=\"kb-adv-heading_d80f29-1e\"] mark.kt-highlight{font-style:normal;color:#f76a0c;-webkit-box-decoration-break:clone;box-decoration-break:clone;padding-top:0px;padding-right:0px;padding-bottom:0px;padding-left:0px;}.wp-block-kadence-advancedheading.kt-adv-heading_d80f29-1e img.kb-inline-image, .wp-block-kadence-advancedheading.kt-adv-heading_d80f29-1e[data-kb-block=\"kb-adv-heading_d80f29-1e\"] img.kb-inline-image{width:150px;vertical-align:baseline;}<\/style>\n<h3 class=\"kt-adv-heading_d80f29-1e wp-block-kadence-advancedheading\" data-kb-block=\"kb-adv-heading_d80f29-1e\">TAGLIARE LA PASTA<\/h3>\n\n\n\n<figure class=\"wp-block-image size-full is-resized\"><img loading=\"lazy\" decoding=\"async\" src=\"https:\/\/veohome.com\/it\/wp-content\/uploads\/sites\/5\/2023\/06\/4-1.jpg\" alt=\"\" class=\"wp-image-372\" width=\"728\" height=\"413\" srcset=\"https:\/\/veohome.com\/it\/wp-content\/uploads\/sites\/5\/2023\/06\/4-1.jpg 970w, https:\/\/veohome.com\/it\/wp-content\/uploads\/sites\/5\/2023\/06\/4-1-300x170.jpg 300w, https:\/\/veohome.com\/it\/wp-content\/uploads\/sites\/5\/2023\/06\/4-1-768x435.jpg 768w, https:\/\/veohome.com\/it\/wp-content\/uploads\/sites\/5\/2023\/06\/4-1-600x340.jpg 600w\" sizes=\"auto, (max-width: 728px) 100vw, 728px\" \/><\/figure>\n\n\n\n<ul class=\"wp-block-list\">\n<li>Installare lo strumento da taglio desiderato facendolo scorrere nelle due scanalature frontali del laminatoio. Riposizionare la manovella nel foro laterale esterno della macchina.<\/li>\n\n\n\n<li>Inserire la sfoglia nello strumento da taglio e girare la manovella per iniziare a tagliare. Quindi trasferire la pasta tagliata nel forno o in un canovaccio da cucina. \u00c8 consigliabile mangiare la pasta subito. Tuttavia, pu\u00f2 essere conservata in frigorifero per circa 3 giorni in un contenitore ermetico. Inoltre, la pasta pu\u00f2 essere completamente essiccata e conservata fino a 3 mesi in un luogo fresco e asciutto. La pasta fresca si asciuga molto rapidamente e diventa molto fragile. Lavoratela con cura.<\/li>\n<\/ul>\n","protected":false},"excerpt":{"rendered":"<p>REPARARE LA MACCHINA PER L\u2019USO PEPARARE LA PASTA Per 6 personeIngredienti :-500 g di farina di grano bianco (T55 o 00 a seconda della dicitura)-5 uova a temperatura ambiente STENDERE LA PASTA TAGLIARE LA PASTA<\/p>\n","protected":false},"author":4,"featured_media":0,"parent":0,"menu_order":0,"comment_status":"closed","ping_status":"closed","template":"","meta":{"kt_blocks_editor_width":"","footnotes":""},"class_list":["post-368","page","type-page","status-publish","hentry"],"yoast_head":"<!-- This site is optimized with the Yoast SEO plugin v27.2 - https:\/\/yoast.com\/product\/yoast-seo-wordpress\/ -->\n<title>MACCHINA PER LA PASTA VEOHOME - VeoHome IT<\/title>\n<meta name=\"robots\" content=\"index, follow, max-snippet:-1, max-image-preview:large, max-video-preview:-1\" \/>\n<link rel=\"canonical\" href=\"https:\/\/veohome.com\/it\/macchina-per-la-pasta-veohome\/\" \/>\n<meta property=\"og:locale\" content=\"it_IT\" \/>\n<meta property=\"og:type\" content=\"article\" \/>\n<meta property=\"og:title\" content=\"MACCHINA PER LA PASTA VEOHOME - VeoHome IT\" \/>\n<meta property=\"og:description\" content=\"REPARARE LA MACCHINA PER L\u2019USO PEPARARE LA PASTA Per 6 personeIngredienti :-500 g di farina di grano bianco (T55 o 00 a seconda della dicitura)-5 uova a temperatura ambiente STENDERE LA PASTA TAGLIARE LA PASTA\" \/>\n<meta property=\"og:url\" content=\"https:\/\/veohome.com\/it\/macchina-per-la-pasta-veohome\/\" \/>\n<meta property=\"og:site_name\" content=\"VeoHome IT\" \/>\n<meta property=\"article:modified_time\" content=\"2023-06-09T06:29:56+00:00\" \/>\n<meta property=\"og:image\" content=\"https:\/\/veohome.com\/it\/wp-content\/uploads\/sites\/5\/2023\/06\/1-1.jpg\" \/>\n<meta name=\"twitter:card\" content=\"summary_large_image\" \/>\n<meta name=\"twitter:label1\" content=\"Tempo di lettura stimato\" \/>\n\t<meta name=\"twitter:data1\" content=\"3 minuti\" \/>\n<script type=\"application\/ld+json\" class=\"yoast-schema-graph\">{\"@context\":\"https:\/\/schema.org\",\"@graph\":[{\"@type\":\"WebPage\",\"@id\":\"https:\/\/veohome.com\/it\/macchina-per-la-pasta-veohome\/\",\"url\":\"https:\/\/veohome.com\/it\/macchina-per-la-pasta-veohome\/\",\"name\":\"MACCHINA PER LA PASTA VEOHOME - VeoHome IT\",\"isPartOf\":{\"@id\":\"https:\/\/veohome.com\/it\/#website\"},\"primaryImageOfPage\":{\"@id\":\"https:\/\/veohome.com\/it\/macchina-per-la-pasta-veohome\/#primaryimage\"},\"image\":{\"@id\":\"https:\/\/veohome.com\/it\/macchina-per-la-pasta-veohome\/#primaryimage\"},\"thumbnailUrl\":\"https:\/\/veohome.com\/it\/wp-content\/uploads\/sites\/5\/2023\/06\/1-1.jpg\",\"datePublished\":\"2023-06-09T06:28:31+00:00\",\"dateModified\":\"2023-06-09T06:29:56+00:00\",\"breadcrumb\":{\"@id\":\"https:\/\/veohome.com\/it\/macchina-per-la-pasta-veohome\/#breadcrumb\"},\"inLanguage\":\"it-IT\",\"potentialAction\":[{\"@type\":\"ReadAction\",\"target\":[\"https:\/\/veohome.com\/it\/macchina-per-la-pasta-veohome\/\"]}]},{\"@type\":\"ImageObject\",\"inLanguage\":\"it-IT\",\"@id\":\"https:\/\/veohome.com\/it\/macchina-per-la-pasta-veohome\/#primaryimage\",\"url\":\"https:\/\/veohome.com\/it\/wp-content\/uploads\/sites\/5\/2023\/06\/1-1.jpg\",\"contentUrl\":\"https:\/\/veohome.com\/it\/wp-content\/uploads\/sites\/5\/2023\/06\/1-1.jpg\",\"width\":970,\"height\":550},{\"@type\":\"BreadcrumbList\",\"@id\":\"https:\/\/veohome.com\/it\/macchina-per-la-pasta-veohome\/#breadcrumb\",\"itemListElement\":[{\"@type\":\"ListItem\",\"position\":1,\"name\":\"Accueil\",\"item\":\"https:\/\/veohome.com\/it\/\"},{\"@type\":\"ListItem\",\"position\":2,\"name\":\"MACCHINA PER LA PASTA VEOHOME\"}]},{\"@type\":\"WebSite\",\"@id\":\"https:\/\/veohome.com\/it\/#website\",\"url\":\"https:\/\/veohome.com\/it\/\",\"name\":\"VeoHome IT\",\"description\":\"\",\"potentialAction\":[{\"@type\":\"SearchAction\",\"target\":{\"@type\":\"EntryPoint\",\"urlTemplate\":\"https:\/\/veohome.com\/it\/?s={search_term_string}\"},\"query-input\":{\"@type\":\"PropertyValueSpecification\",\"valueRequired\":true,\"valueName\":\"search_term_string\"}}],\"inLanguage\":\"it-IT\"}]}<\/script>\n<!-- \/ Yoast SEO plugin. -->","yoast_head_json":{"title":"MACCHINA PER LA PASTA VEOHOME - VeoHome IT","robots":{"index":"index","follow":"follow","max-snippet":"max-snippet:-1","max-image-preview":"max-image-preview:large","max-video-preview":"max-video-preview:-1"},"canonical":"https:\/\/veohome.com\/it\/macchina-per-la-pasta-veohome\/","og_locale":"it_IT","og_type":"article","og_title":"MACCHINA PER LA PASTA VEOHOME - VeoHome IT","og_description":"REPARARE LA MACCHINA PER L\u2019USO PEPARARE LA PASTA Per 6 personeIngredienti :-500 g di farina di grano bianco (T55 o 00 a seconda della dicitura)-5 uova a temperatura ambiente STENDERE LA PASTA TAGLIARE LA PASTA","og_url":"https:\/\/veohome.com\/it\/macchina-per-la-pasta-veohome\/","og_site_name":"VeoHome IT","article_modified_time":"2023-06-09T06:29:56+00:00","og_image":[{"url":"https:\/\/veohome.com\/it\/wp-content\/uploads\/sites\/5\/2023\/06\/1-1.jpg","type":"","width":"","height":""}],"twitter_card":"summary_large_image","twitter_misc":{"Tempo di lettura stimato":"3 minuti"},"schema":{"@context":"https:\/\/schema.org","@graph":[{"@type":"WebPage","@id":"https:\/\/veohome.com\/it\/macchina-per-la-pasta-veohome\/","url":"https:\/\/veohome.com\/it\/macchina-per-la-pasta-veohome\/","name":"MACCHINA PER LA PASTA VEOHOME - VeoHome IT","isPartOf":{"@id":"https:\/\/veohome.com\/it\/#website"},"primaryImageOfPage":{"@id":"https:\/\/veohome.com\/it\/macchina-per-la-pasta-veohome\/#primaryimage"},"image":{"@id":"https:\/\/veohome.com\/it\/macchina-per-la-pasta-veohome\/#primaryimage"},"thumbnailUrl":"https:\/\/veohome.com\/it\/wp-content\/uploads\/sites\/5\/2023\/06\/1-1.jpg","datePublished":"2023-06-09T06:28:31+00:00","dateModified":"2023-06-09T06:29:56+00:00","breadcrumb":{"@id":"https:\/\/veohome.com\/it\/macchina-per-la-pasta-veohome\/#breadcrumb"},"inLanguage":"it-IT","potentialAction":[{"@type":"ReadAction","target":["https:\/\/veohome.com\/it\/macchina-per-la-pasta-veohome\/"]}]},{"@type":"ImageObject","inLanguage":"it-IT","@id":"https:\/\/veohome.com\/it\/macchina-per-la-pasta-veohome\/#primaryimage","url":"https:\/\/veohome.com\/it\/wp-content\/uploads\/sites\/5\/2023\/06\/1-1.jpg","contentUrl":"https:\/\/veohome.com\/it\/wp-content\/uploads\/sites\/5\/2023\/06\/1-1.jpg","width":970,"height":550},{"@type":"BreadcrumbList","@id":"https:\/\/veohome.com\/it\/macchina-per-la-pasta-veohome\/#breadcrumb","itemListElement":[{"@type":"ListItem","position":1,"name":"Accueil","item":"https:\/\/veohome.com\/it\/"},{"@type":"ListItem","position":2,"name":"MACCHINA PER LA PASTA VEOHOME"}]},{"@type":"WebSite","@id":"https:\/\/veohome.com\/it\/#website","url":"https:\/\/veohome.com\/it\/","name":"VeoHome IT","description":"","potentialAction":[{"@type":"SearchAction","target":{"@type":"EntryPoint","urlTemplate":"https:\/\/veohome.com\/it\/?s={search_term_string}"},"query-input":{"@type":"PropertyValueSpecification","valueRequired":true,"valueName":"search_term_string"}}],"inLanguage":"it-IT"}]}},"_links":{"self":[{"href":"https:\/\/veohome.com\/it\/wp-json\/wp\/v2\/pages\/368","targetHints":{"allow":["GET"]}}],"collection":[{"href":"https:\/\/veohome.com\/it\/wp-json\/wp\/v2\/pages"}],"about":[{"href":"https:\/\/veohome.com\/it\/wp-json\/wp\/v2\/types\/page"}],"author":[{"embeddable":true,"href":"https:\/\/veohome.com\/it\/wp-json\/wp\/v2\/users\/4"}],"replies":[{"embeddable":true,"href":"https:\/\/veohome.com\/it\/wp-json\/wp\/v2\/comments?post=368"}],"version-history":[{"count":2,"href":"https:\/\/veohome.com\/it\/wp-json\/wp\/v2\/pages\/368\/revisions"}],"predecessor-version":[{"id":374,"href":"https:\/\/veohome.com\/it\/wp-json\/wp\/v2\/pages\/368\/revisions\/374"}],"wp:attachment":[{"href":"https:\/\/veohome.com\/it\/wp-json\/wp\/v2\/media?parent=368"}],"curies":[{"name":"wp","href":"https:\/\/api.w.org\/{rel}","templated":true}]}}