{"id":375,"date":"2023-06-13T09:52:15","date_gmt":"2023-06-13T07:52:15","guid":{"rendered":"https:\/\/veohome.com\/it\/?page_id=375"},"modified":"2023-06-13T09:52:16","modified_gmt":"2023-06-13T07:52:16","slug":"caffettiera-a-pistoni","status":"publish","type":"page","link":"https:\/\/veohome.com\/it\/caffettiera-a-pistoni\/","title":{"rendered":"Caffettiera a Pistoni"},"content":{"rendered":"\n<figure class=\"wp-block-image size-full is-resized\"><img loading=\"lazy\" decoding=\"async\" src=\"https:\/\/veohome.com\/it\/wp-content\/uploads\/sites\/5\/2023\/06\/1-2.jpg\" alt=\"\" class=\"wp-image-376\" width=\"485\" height=\"275\" srcset=\"https:\/\/veohome.com\/it\/wp-content\/uploads\/sites\/5\/2023\/06\/1-2.jpg 970w, https:\/\/veohome.com\/it\/wp-content\/uploads\/sites\/5\/2023\/06\/1-2-300x170.jpg 300w, https:\/\/veohome.com\/it\/wp-content\/uploads\/sites\/5\/2023\/06\/1-2-768x435.jpg 768w, https:\/\/veohome.com\/it\/wp-content\/uploads\/sites\/5\/2023\/06\/1-2-600x340.jpg 600w\" sizes=\"auto, (max-width: 485px) 100vw, 485px\" \/><\/figure>\n\n\n<style>.wp-block-kadence-advancedheading.kt-adv-heading_80a326-2d, .wp-block-kadence-advancedheading.kt-adv-heading_80a326-2d[data-kb-block=\"kb-adv-heading_80a326-2d\"]{font-style:normal;}.wp-block-kadence-advancedheading.kt-adv-heading_80a326-2d mark.kt-highlight, .wp-block-kadence-advancedheading.kt-adv-heading_80a326-2d[data-kb-block=\"kb-adv-heading_80a326-2d\"] mark.kt-highlight{font-style:normal;color:#f76a0c;-webkit-box-decoration-break:clone;box-decoration-break:clone;padding-top:0px;padding-right:0px;padding-bottom:0px;padding-left:0px;}.wp-block-kadence-advancedheading.kt-adv-heading_80a326-2d img.kb-inline-image, .wp-block-kadence-advancedheading.kt-adv-heading_80a326-2d[data-kb-block=\"kb-adv-heading_80a326-2d\"] img.kb-inline-image{width:150px;vertical-align:baseline;}<\/style>\n<h3 class=\"kt-adv-heading_80a326-2d wp-block-kadence-advancedheading\" data-kb-block=\"kb-adv-heading_80a326-2d\">10 fasi da seguire per preparare un ottimo caff\u00e8 con la caffettiera VeoHome<\/h3>\n\n\n\n<ul class=\"wp-block-list\">\n<li>Assicurati che la caffettiera VeoHome sia stata ben pulita in precedenza.<\/li>\n\n\n\n<li>Togli il pistone dalla caffettiera.<\/li>\n\n\n\n<li>Macina il caff\u00e8 con il macinacaff\u00e8 VeoHome o aggiungi direttamente il caff\u00e8 macinato nella caffettiera. Il dosaggio standard \u00e8 equivalente a un cucchiaio da tavola a persona, ovvero circa 10g. Attenzione! La grandezza della macinatura \u00e8 molto importante per la riuscita di un buon caff\u00e8. Le caffettiere a stantuffo hanno un tempo di infusione lungo (5-6 minuti). Pertanto, per evitare di infondere troppo il caff\u00e8, il grano deve essere di dimensioni medie a grosse (2-3 mm). Questo eviter\u00e0 anche che i filtri si otturino, come inevitabilmente accade con il caff\u00e8 macinato commercialmente, che \u00e8 molto troppo fine.<\/li>\n\n\n\n<li>Versa acqua calda a circa 85\u00b0C nella caffettiera. L&#8217;acqua non deve bollire perch\u00e9 brucerebbe il caff\u00e8 e distruggerebbe tutti i suoi aromi. Assicurati di fermarti almeno a 2,5 cm dal bordo della caffettiera per evitare che trabocchi alla chiusura.<\/li>\n\n\n\n<li>Mescola delicatamente il caff\u00e8 e l&#8217;acqua con un cucchiaio per omogeneizzare il miscuglio.<\/li>\n\n\n\n<li>Rimetti il coperchio con il filtro sopra il livello del caff\u00e8 (pistone in posizione alta). Assicurati che l&#8217;apertura nel coperchio sia ben spostata rispetto al beccuccio.<\/li>\n\n\n\n<li>Lascia riposare per circa 5-6 minuti. Se il tempo di infusione non viene rispettato, il caff\u00e8 sar\u00e0 troppo leggero (non sufficientemente infuso) o al contrario troppo forte.<\/li>\n\n\n\n<li>Una volta trascorso il tempo di infusione, premi delicatamente con la mano per abbassare il pistone.<\/li>\n\n\n\n<li>Se la macinatura \u00e8 troppo fine, pu\u00f2 accadere che il filtro si otturi. Togli quindi il pistone e sciacqualo sotto l&#8217;acqua. Mescola di nuovo e abbassa il pistone.<\/li>\n\n\n\n<li>Allinea l&#8217;apertura del coperchio con il beccuccio e versa il caff\u00e8 nelle tazze precedentemente riscaldate.<\/li>\n<\/ul>\n\n\n\n<figure class=\"wp-block-image size-full is-resized\"><img loading=\"lazy\" decoding=\"async\" src=\"https:\/\/veohome.com\/it\/wp-content\/uploads\/sites\/5\/2023\/06\/2-2.jpg\" alt=\"\" class=\"wp-image-377\" width=\"485\" height=\"275\" srcset=\"https:\/\/veohome.com\/it\/wp-content\/uploads\/sites\/5\/2023\/06\/2-2.jpg 970w, https:\/\/veohome.com\/it\/wp-content\/uploads\/sites\/5\/2023\/06\/2-2-300x170.jpg 300w, https:\/\/veohome.com\/it\/wp-content\/uploads\/sites\/5\/2023\/06\/2-2-768x435.jpg 768w, https:\/\/veohome.com\/it\/wp-content\/uploads\/sites\/5\/2023\/06\/2-2-600x340.jpg 600w\" sizes=\"auto, (max-width: 485px) 100vw, 485px\" \/><\/figure>\n\n\n<style>.wp-block-kadence-advancedheading.kt-adv-heading_626ed0-dd, .wp-block-kadence-advancedheading.kt-adv-heading_626ed0-dd[data-kb-block=\"kb-adv-heading_626ed0-dd\"]{font-style:normal;}.wp-block-kadence-advancedheading.kt-adv-heading_626ed0-dd mark.kt-highlight, .wp-block-kadence-advancedheading.kt-adv-heading_626ed0-dd[data-kb-block=\"kb-adv-heading_626ed0-dd\"] mark.kt-highlight{font-style:normal;color:#f76a0c;-webkit-box-decoration-break:clone;box-decoration-break:clone;padding-top:0px;padding-right:0px;padding-bottom:0px;padding-left:0px;}.wp-block-kadence-advancedheading.kt-adv-heading_626ed0-dd img.kb-inline-image, .wp-block-kadence-advancedheading.kt-adv-heading_626ed0-dd[data-kb-block=\"kb-adv-heading_626ed0-dd\"] img.kb-inline-image{width:150px;vertical-align:baseline;}<\/style>\n<h3 class=\"kt-adv-heading_626ed0-dd wp-block-kadence-advancedheading\" data-kb-block=\"kb-adv-heading_626ed0-dd\">Consigli per la manutenzione per continuare a bere ottimo caff\u00e8 per molto, molto tempo:<\/h3>\n\n\n\n<p>Pulisci la caffettiera VeoHome dopo ogni uso in acqua calda saponata.<br>Non usare spugne abrasive che possono graffiare la superficie.<br>Assicurati che il filtro sia pulito e che non ci siano grani bloccati nei fori.<br>Asciuga perfettamente con un panno morbido.<\/p>\n\n\n<style>.wp-block-kadence-advancedheading.kt-adv-heading_fd7d27-4f, .wp-block-kadence-advancedheading.kt-adv-heading_fd7d27-4f[data-kb-block=\"kb-adv-heading_fd7d27-4f\"]{font-style:normal;}.wp-block-kadence-advancedheading.kt-adv-heading_fd7d27-4f mark.kt-highlight, .wp-block-kadence-advancedheading.kt-adv-heading_fd7d27-4f[data-kb-block=\"kb-adv-heading_fd7d27-4f\"] mark.kt-highlight{font-style:normal;color:#f76a0c;-webkit-box-decoration-break:clone;box-decoration-break:clone;padding-top:0px;padding-right:0px;padding-bottom:0px;padding-left:0px;}.wp-block-kadence-advancedheading.kt-adv-heading_fd7d27-4f img.kb-inline-image, .wp-block-kadence-advancedheading.kt-adv-heading_fd7d27-4f[data-kb-block=\"kb-adv-heading_fd7d27-4f\"] img.kb-inline-image{width:150px;vertical-align:baseline;}<\/style>\n<h3 class=\"kt-adv-heading_fd7d27-4f wp-block-kadence-advancedheading\" data-kb-block=\"kb-adv-heading_fd7d27-4f\">Istruzioni specifiche per la manutenzione dell&#8217;acciaio inossidabile.<\/h3>\n\n\n\n<p>Il contatto prolungato con sostanze corrosive come i detersivi pu\u00f2 danneggiare l&#8217;acciaio inossidabile. Per garantire la longevit\u00e0 della caffettiera:<br>Non lasciare asciugare lo sporco sulla superficie dell&#8217;acciaio. Pulisci e asciuga sempre la caffettiera immediatamente dopo l&#8217;uso.<br>La caffettiera pu\u00f2 essere lavata in lavastoviglie. Tuttavia, non lasciare la caffettiera asciugare nella lavastoviglie poich\u00e9 i residui potrebbero aderire e corroderne il materiale. Una volta terminato il ciclo di pulizia, estrai la caffettiera e asciugala correttamente con un panno secco e morbido.<br>Non utilizzare la funzione &#8220;Pre-risciacquo&#8221; della lavastoviglie con la caffettiera.<br>Lava posate o stoviglie in acciaio argentato separatamente dalla caffettiera per non danneggiare la stoviglia argentata.<\/p>\n\n\n<style>.wp-block-kadence-advancedheading.kt-adv-heading_cfeae6-a9, .wp-block-kadence-advancedheading.kt-adv-heading_cfeae6-a9[data-kb-block=\"kb-adv-heading_cfeae6-a9\"]{font-style:normal;}.wp-block-kadence-advancedheading.kt-adv-heading_cfeae6-a9 mark.kt-highlight, .wp-block-kadence-advancedheading.kt-adv-heading_cfeae6-a9[data-kb-block=\"kb-adv-heading_cfeae6-a9\"] mark.kt-highlight{font-style:normal;color:#f76a0c;-webkit-box-decoration-break:clone;box-decoration-break:clone;padding-top:0px;padding-right:0px;padding-bottom:0px;padding-left:0px;}.wp-block-kadence-advancedheading.kt-adv-heading_cfeae6-a9 img.kb-inline-image, .wp-block-kadence-advancedheading.kt-adv-heading_cfeae6-a9[data-kb-block=\"kb-adv-heading_cfeae6-a9\"] img.kb-inline-image{width:150px;vertical-align:baseline;}<\/style>\n<h3 class=\"kt-adv-heading_cfeae6-a9 wp-block-kadence-advancedheading\" data-kb-block=\"kb-adv-heading_cfeae6-a9\">Nota sulla sicurezza:<\/h3>\n\n\n\n<p>Posiziona sempre la caffettiera su una superficie piana e antiscivolo.<br>Premere troppo bruscamente sul pistone pu\u00f2 far fuoriuscire acqua calda dalla caffettiera e pu\u00f2 causare ustioni.<br>Presta attenzione durante la manipolazione di liquidi caldi per evitare bruciature.<\/p>\n\n\n\n<figure class=\"wp-block-image size-full is-resized\"><img loading=\"lazy\" decoding=\"async\" src=\"https:\/\/veohome.com\/it\/wp-content\/uploads\/sites\/5\/2023\/06\/3-2.jpg\" alt=\"\" class=\"wp-image-378\" width=\"485\" height=\"275\" srcset=\"https:\/\/veohome.com\/it\/wp-content\/uploads\/sites\/5\/2023\/06\/3-2.jpg 970w, https:\/\/veohome.com\/it\/wp-content\/uploads\/sites\/5\/2023\/06\/3-2-300x170.jpg 300w, https:\/\/veohome.com\/it\/wp-content\/uploads\/sites\/5\/2023\/06\/3-2-768x435.jpg 768w, https:\/\/veohome.com\/it\/wp-content\/uploads\/sites\/5\/2023\/06\/3-2-600x340.jpg 600w\" sizes=\"auto, (max-width: 485px) 100vw, 485px\" \/><\/figure>\n","protected":false},"excerpt":{"rendered":"<p>10 fasi da seguire per preparare un ottimo caff\u00e8 con la caffettiera VeoHome Consigli per la manutenzione per continuare a bere ottimo caff\u00e8 per molto, molto tempo: Pulisci la caffettiera VeoHome dopo ogni uso in acqua calda saponata.Non usare spugne &hellip; <a class=\"kt-excerpt-readmore\" href=\"https:\/\/veohome.com\/it\/caffettiera-a-pistoni\/\" aria-label=\"Caffettiera a Pistoni\">Read More<\/a><\/p>\n","protected":false},"author":4,"featured_media":0,"parent":0,"menu_order":0,"comment_status":"closed","ping_status":"closed","template":"","meta":{"kt_blocks_editor_width":"","footnotes":""},"class_list":["post-375","page","type-page","status-publish","hentry"],"yoast_head":"<!-- This site is optimized with the Yoast SEO plugin v27.2 - https:\/\/yoast.com\/product\/yoast-seo-wordpress\/ -->\n<title>Caffettiera a Pistoni - VeoHome IT<\/title>\n<meta name=\"robots\" content=\"index, follow, max-snippet:-1, max-image-preview:large, max-video-preview:-1\" \/>\n<link rel=\"canonical\" href=\"https:\/\/veohome.com\/it\/caffettiera-a-pistoni\/\" \/>\n<meta property=\"og:locale\" content=\"it_IT\" \/>\n<meta property=\"og:type\" content=\"article\" \/>\n<meta property=\"og:title\" content=\"Caffettiera a Pistoni - VeoHome IT\" \/>\n<meta property=\"og:description\" content=\"10 fasi da seguire per preparare un ottimo caff\u00e8 con la caffettiera VeoHome Consigli per la manutenzione per continuare a bere ottimo caff\u00e8 per molto, molto tempo: Pulisci la caffettiera VeoHome dopo ogni uso in acqua calda saponata.Non usare spugne &hellip; Read More\" \/>\n<meta property=\"og:url\" content=\"https:\/\/veohome.com\/it\/caffettiera-a-pistoni\/\" \/>\n<meta property=\"og:site_name\" content=\"VeoHome IT\" \/>\n<meta property=\"article:modified_time\" content=\"2023-06-13T07:52:16+00:00\" \/>\n<meta property=\"og:image\" content=\"https:\/\/veohome.com\/it\/wp-content\/uploads\/sites\/5\/2023\/06\/1-2.jpg\" \/>\n<meta name=\"twitter:card\" content=\"summary_large_image\" \/>\n<meta name=\"twitter:label1\" content=\"Tempo di lettura stimato\" \/>\n\t<meta name=\"twitter:data1\" content=\"2 minuti\" \/>\n<script type=\"application\/ld+json\" class=\"yoast-schema-graph\">{\"@context\":\"https:\/\/schema.org\",\"@graph\":[{\"@type\":\"WebPage\",\"@id\":\"https:\/\/veohome.com\/it\/caffettiera-a-pistoni\/\",\"url\":\"https:\/\/veohome.com\/it\/caffettiera-a-pistoni\/\",\"name\":\"Caffettiera a Pistoni - VeoHome IT\",\"isPartOf\":{\"@id\":\"https:\/\/veohome.com\/it\/#website\"},\"primaryImageOfPage\":{\"@id\":\"https:\/\/veohome.com\/it\/caffettiera-a-pistoni\/#primaryimage\"},\"image\":{\"@id\":\"https:\/\/veohome.com\/it\/caffettiera-a-pistoni\/#primaryimage\"},\"thumbnailUrl\":\"https:\/\/veohome.com\/it\/wp-content\/uploads\/sites\/5\/2023\/06\/1-2.jpg\",\"datePublished\":\"2023-06-13T07:52:15+00:00\",\"dateModified\":\"2023-06-13T07:52:16+00:00\",\"breadcrumb\":{\"@id\":\"https:\/\/veohome.com\/it\/caffettiera-a-pistoni\/#breadcrumb\"},\"inLanguage\":\"it-IT\",\"potentialAction\":[{\"@type\":\"ReadAction\",\"target\":[\"https:\/\/veohome.com\/it\/caffettiera-a-pistoni\/\"]}]},{\"@type\":\"ImageObject\",\"inLanguage\":\"it-IT\",\"@id\":\"https:\/\/veohome.com\/it\/caffettiera-a-pistoni\/#primaryimage\",\"url\":\"https:\/\/veohome.com\/it\/wp-content\/uploads\/sites\/5\/2023\/06\/1-2.jpg\",\"contentUrl\":\"https:\/\/veohome.com\/it\/wp-content\/uploads\/sites\/5\/2023\/06\/1-2.jpg\",\"width\":970,\"height\":550},{\"@type\":\"BreadcrumbList\",\"@id\":\"https:\/\/veohome.com\/it\/caffettiera-a-pistoni\/#breadcrumb\",\"itemListElement\":[{\"@type\":\"ListItem\",\"position\":1,\"name\":\"Accueil\",\"item\":\"https:\/\/veohome.com\/it\/\"},{\"@type\":\"ListItem\",\"position\":2,\"name\":\"Caffettiera a Pistoni\"}]},{\"@type\":\"WebSite\",\"@id\":\"https:\/\/veohome.com\/it\/#website\",\"url\":\"https:\/\/veohome.com\/it\/\",\"name\":\"VeoHome IT\",\"description\":\"\",\"potentialAction\":[{\"@type\":\"SearchAction\",\"target\":{\"@type\":\"EntryPoint\",\"urlTemplate\":\"https:\/\/veohome.com\/it\/?s={search_term_string}\"},\"query-input\":{\"@type\":\"PropertyValueSpecification\",\"valueRequired\":true,\"valueName\":\"search_term_string\"}}],\"inLanguage\":\"it-IT\"}]}<\/script>\n<!-- \/ Yoast SEO plugin. -->","yoast_head_json":{"title":"Caffettiera a Pistoni - VeoHome IT","robots":{"index":"index","follow":"follow","max-snippet":"max-snippet:-1","max-image-preview":"max-image-preview:large","max-video-preview":"max-video-preview:-1"},"canonical":"https:\/\/veohome.com\/it\/caffettiera-a-pistoni\/","og_locale":"it_IT","og_type":"article","og_title":"Caffettiera a Pistoni - VeoHome IT","og_description":"10 fasi da seguire per preparare un ottimo caff\u00e8 con la caffettiera VeoHome Consigli per la manutenzione per continuare a bere ottimo caff\u00e8 per molto, molto tempo: Pulisci la caffettiera VeoHome dopo ogni uso in acqua calda saponata.Non usare spugne &hellip; Read More","og_url":"https:\/\/veohome.com\/it\/caffettiera-a-pistoni\/","og_site_name":"VeoHome IT","article_modified_time":"2023-06-13T07:52:16+00:00","og_image":[{"url":"https:\/\/veohome.com\/it\/wp-content\/uploads\/sites\/5\/2023\/06\/1-2.jpg","type":"","width":"","height":""}],"twitter_card":"summary_large_image","twitter_misc":{"Tempo di lettura stimato":"2 minuti"},"schema":{"@context":"https:\/\/schema.org","@graph":[{"@type":"WebPage","@id":"https:\/\/veohome.com\/it\/caffettiera-a-pistoni\/","url":"https:\/\/veohome.com\/it\/caffettiera-a-pistoni\/","name":"Caffettiera a Pistoni - VeoHome IT","isPartOf":{"@id":"https:\/\/veohome.com\/it\/#website"},"primaryImageOfPage":{"@id":"https:\/\/veohome.com\/it\/caffettiera-a-pistoni\/#primaryimage"},"image":{"@id":"https:\/\/veohome.com\/it\/caffettiera-a-pistoni\/#primaryimage"},"thumbnailUrl":"https:\/\/veohome.com\/it\/wp-content\/uploads\/sites\/5\/2023\/06\/1-2.jpg","datePublished":"2023-06-13T07:52:15+00:00","dateModified":"2023-06-13T07:52:16+00:00","breadcrumb":{"@id":"https:\/\/veohome.com\/it\/caffettiera-a-pistoni\/#breadcrumb"},"inLanguage":"it-IT","potentialAction":[{"@type":"ReadAction","target":["https:\/\/veohome.com\/it\/caffettiera-a-pistoni\/"]}]},{"@type":"ImageObject","inLanguage":"it-IT","@id":"https:\/\/veohome.com\/it\/caffettiera-a-pistoni\/#primaryimage","url":"https:\/\/veohome.com\/it\/wp-content\/uploads\/sites\/5\/2023\/06\/1-2.jpg","contentUrl":"https:\/\/veohome.com\/it\/wp-content\/uploads\/sites\/5\/2023\/06\/1-2.jpg","width":970,"height":550},{"@type":"BreadcrumbList","@id":"https:\/\/veohome.com\/it\/caffettiera-a-pistoni\/#breadcrumb","itemListElement":[{"@type":"ListItem","position":1,"name":"Accueil","item":"https:\/\/veohome.com\/it\/"},{"@type":"ListItem","position":2,"name":"Caffettiera a Pistoni"}]},{"@type":"WebSite","@id":"https:\/\/veohome.com\/it\/#website","url":"https:\/\/veohome.com\/it\/","name":"VeoHome IT","description":"","potentialAction":[{"@type":"SearchAction","target":{"@type":"EntryPoint","urlTemplate":"https:\/\/veohome.com\/it\/?s={search_term_string}"},"query-input":{"@type":"PropertyValueSpecification","valueRequired":true,"valueName":"search_term_string"}}],"inLanguage":"it-IT"}]}},"_links":{"self":[{"href":"https:\/\/veohome.com\/it\/wp-json\/wp\/v2\/pages\/375","targetHints":{"allow":["GET"]}}],"collection":[{"href":"https:\/\/veohome.com\/it\/wp-json\/wp\/v2\/pages"}],"about":[{"href":"https:\/\/veohome.com\/it\/wp-json\/wp\/v2\/types\/page"}],"author":[{"embeddable":true,"href":"https:\/\/veohome.com\/it\/wp-json\/wp\/v2\/users\/4"}],"replies":[{"embeddable":true,"href":"https:\/\/veohome.com\/it\/wp-json\/wp\/v2\/comments?post=375"}],"version-history":[{"count":1,"href":"https:\/\/veohome.com\/it\/wp-json\/wp\/v2\/pages\/375\/revisions"}],"predecessor-version":[{"id":379,"href":"https:\/\/veohome.com\/it\/wp-json\/wp\/v2\/pages\/375\/revisions\/379"}],"wp:attachment":[{"href":"https:\/\/veohome.com\/it\/wp-json\/wp\/v2\/media?parent=375"}],"curies":[{"name":"wp","href":"https:\/\/api.w.org\/{rel}","templated":true}]}}