{"id":404,"date":"2023-09-27T08:54:34","date_gmt":"2023-09-27T06:54:34","guid":{"rendered":"https:\/\/veohome.com\/it\/?post_type=product&#038;p=404"},"modified":"2026-01-05T19:15:07","modified_gmt":"2026-01-05T18:15:07","slug":"cafettiera-italiana-inox-di-alta-qualita-500-ml-300-ml","status":"publish","type":"product","link":"https:\/\/veohome.com\/it\/produit\/cafettiera-italiana-inox-di-alta-qualita-500-ml-300-ml\/","title":{"rendered":"Cafettiera Italiana Inox di Alta Qualit\u00e0 &#8211; 500 mL \/ 300 mL"},"content":{"rendered":"\r\n<p>Scopri la Cafettiera Italiana Inox VeoHome, la soluzione perfetta per tutti gli amanti del caff\u00e8. Disponibile in due convenienti dimensioni, 500 mL e 300 mL, questa cafettiera \u00e8 progettata per soddisfare tutte le tue esigenze di preparazione del caff\u00e8.<\/p>\r\n<p><img loading=\"lazy\" decoding=\"async\" title=\"970_600_composant_avantage_500_it\" src=\"https:\/\/veohome.com\/it\/wp-content\/uploads\/sites\/5\/2023\/09\/970_600_composant_avantage_500_it.jpg\" alt=\"970_600_composant_avantage_500_it\" width=\"970\" height=\"600\" \/><\/p>\r\n<p><strong>Compatibilit\u00e0 Universale:<\/strong> Questa cafettiera \u00e8 incredibilmente versatile e compatibile con tutte le superfici di cottura: gas, elettrica, a induzione e in vitroceramica. La parte inferiore \u00e8 realizzata in acciaio inossidabile 430, specificamente progettata per un funzionamento ottimale con fornelli a induzione.<\/p>\r\n<p><img loading=\"lazy\" decoding=\"async\" title=\"9070_600_plaque_500\" src=\"https:\/\/veohome.com\/it\/wp-content\/uploads\/sites\/5\/2023\/09\/9070_600_plaque_500.jpg\" alt=\"9070_600_plaque_500\" width=\"970\" height=\"600\" \/><\/p>\r\n<p><strong>Vantaggi della Cafettiera:<\/strong> La Cafettiera Italiana Inox VeoHome non \u00e8 solo elegante e robusta, ma \u00e8 anche ecologica e economica. Realizzata in acciaio inossidabile, evita l&#8217;uso di filtri di carta e capsule, proteggendo sia il pianeta che la tua salute. La sua grande capacit\u00e0 la rende ideale per ogni occasione, che tu stia preparando il caff\u00e8 solo per te o per tutta la famiglia.<\/p>\r\n<p><img loading=\"lazy\" decoding=\"async\" title=\"970_600_pr\u00e9paration_500_it\" src=\"https:\/\/veohome.com\/it\/wp-content\/uploads\/sites\/5\/2023\/09\/970_600_preparation_500_it.jpg\" alt=\"970_600_pr\u00e9paration_500_it\" width=\"970\" height=\"600\" \/><\/p>\r\n","protected":false},"excerpt":{"rendered":"<p><strong>Caff\u00e8 d&#8217;Eccezione<\/strong>: Gustate un caff\u00e8 intenso e aromatico come se foste in Italia, perfetto per gli amanti del buon caff\u00e8. <strong>Eco-Responsabile<\/strong>: Nessun filtro di carta, nessuna capsula, realizzato in acciaio inossidabile per proteggere il pianeta e la vostra salute. <strong>Pratica &amp; Versatile<\/strong>: Funziona su tutti i tipi di fornelli \u2013 a gas, elettrici, a induzione e in vitroceramica. <strong>Inossidabile &amp; Indistruttibile<\/strong>: Realizzata in acciaio inossidabile di alta qualit\u00e0, progettata per durare tutta una vita. <strong>Grande Capacit\u00e0<\/strong>: Disponibile in due dimensioni, 500 mL per 10 piccole tazze o 5 tazze normali e 300 mL per porzioni pi\u00f9 piccole. <strong>Garanzia di 2 Anni<\/strong>: Assistenza clienti 7 giorni su 7 e soddisfatti o rimborsati entro 25 giorni.<\/p>\n","protected":false},"featured_media":405,"comment_status":"open","ping_status":"closed","template":"","meta":{"kt_blocks_editor_width":""},"product_brand":[],"product_cat":[15],"product_tag":[],"class_list":{"0":"post-404","1":"product","2":"type-product","3":"status-publish","4":"has-post-thumbnail","6":"product_cat-non-classe","8":"first","9":"instock","10":"taxable","11":"shipping-taxable","12":"purchasable","13":"product-type-variable","14":"has-default-attributes"},"yoast_head":"<!-- This site is optimized with the Yoast SEO plugin v27.2 - https:\/\/yoast.com\/product\/yoast-seo-wordpress\/ -->\n<title>Cafettiera Italiana Inox di Alta Qualit\u00e0 - 500 mL \/ 300 mL - VeoHome IT<\/title>\n<meta name=\"robots\" content=\"index, follow, max-snippet:-1, max-image-preview:large, max-video-preview:-1\" \/>\n<link rel=\"canonical\" href=\"https:\/\/veohome.com\/it\/produit\/cafettiera-italiana-inox-di-alta-qualita-500-ml-300-ml\/\" \/>\n<meta property=\"og:locale\" content=\"it_IT\" \/>\n<meta property=\"og:type\" content=\"article\" \/>\n<meta property=\"og:title\" content=\"Cafettiera Italiana Inox di Alta Qualit\u00e0 - 500 mL \/ 300 mL - VeoHome IT\" \/>\n<meta property=\"og:description\" content=\"Caff\u00e8 d&#039;Eccezione: Gustate un caff\u00e8 intenso e aromatico come se foste in Italia, perfetto per gli amanti del buon caff\u00e8. Eco-Responsabile: Nessun filtro di carta, nessuna capsula, realizzato in acciaio inossidabile per proteggere il pianeta e la vostra salute. Pratica &amp; Versatile: Funziona su tutti i tipi di fornelli \u2013 a gas, elettrici, a induzione e in vitroceramica. Inossidabile &amp; Indistruttibile: Realizzata in acciaio inossidabile di alta qualit\u00e0, progettata per durare tutta una vita. Grande Capacit\u00e0: Disponibile in due dimensioni, 500 mL per 10 piccole tazze o 5 tazze normali e 300 mL per porzioni pi\u00f9 piccole. Garanzia di 2 Anni: Assistenza clienti 7 giorni su 7 e soddisfatti o rimborsati entro 25 giorni.\" \/>\n<meta property=\"og:url\" content=\"https:\/\/veohome.com\/it\/produit\/cafettiera-italiana-inox-di-alta-qualita-500-ml-300-ml\/\" \/>\n<meta property=\"og:site_name\" content=\"VeoHome IT\" \/>\n<meta property=\"article:modified_time\" content=\"2026-01-05T18:15:07+00:00\" \/>\n<meta property=\"og:image\" content=\"https:\/\/veohome.com\/it\/wp-content\/uploads\/sites\/5\/2023\/09\/1.jpg\" \/>\n\t<meta property=\"og:image:width\" content=\"1800\" \/>\n\t<meta property=\"og:image:height\" content=\"1800\" \/>\n\t<meta property=\"og:image:type\" content=\"image\/jpeg\" \/>\n<meta name=\"twitter:card\" content=\"summary_large_image\" \/>\n<meta name=\"twitter:label1\" content=\"Tempo di lettura stimato\" \/>\n\t<meta name=\"twitter:data1\" content=\"1 minuto\" \/>\n<script type=\"application\/ld+json\" class=\"yoast-schema-graph\">{\"@context\":\"https:\/\/schema.org\",\"@graph\":[{\"@type\":\"WebPage\",\"@id\":\"https:\/\/veohome.com\/it\/produit\/cafettiera-italiana-inox-di-alta-qualita-500-ml-300-ml\/\",\"url\":\"https:\/\/veohome.com\/it\/produit\/cafettiera-italiana-inox-di-alta-qualita-500-ml-300-ml\/\",\"name\":\"Cafettiera Italiana Inox di Alta Qualit\u00e0 - 500 mL \/ 300 mL - VeoHome IT\",\"isPartOf\":{\"@id\":\"https:\/\/veohome.com\/it\/#website\"},\"primaryImageOfPage\":{\"@id\":\"https:\/\/veohome.com\/it\/produit\/cafettiera-italiana-inox-di-alta-qualita-500-ml-300-ml\/#primaryimage\"},\"image\":{\"@id\":\"https:\/\/veohome.com\/it\/produit\/cafettiera-italiana-inox-di-alta-qualita-500-ml-300-ml\/#primaryimage\"},\"thumbnailUrl\":\"https:\/\/veohome.com\/it\/wp-content\/uploads\/sites\/5\/2023\/09\/1.jpg\",\"datePublished\":\"2023-09-27T06:54:34+00:00\",\"dateModified\":\"2026-01-05T18:15:07+00:00\",\"breadcrumb\":{\"@id\":\"https:\/\/veohome.com\/it\/produit\/cafettiera-italiana-inox-di-alta-qualita-500-ml-300-ml\/#breadcrumb\"},\"inLanguage\":\"it-IT\",\"potentialAction\":[{\"@type\":\"ReadAction\",\"target\":[\"https:\/\/veohome.com\/it\/produit\/cafettiera-italiana-inox-di-alta-qualita-500-ml-300-ml\/\"]}]},{\"@type\":\"ImageObject\",\"inLanguage\":\"it-IT\",\"@id\":\"https:\/\/veohome.com\/it\/produit\/cafettiera-italiana-inox-di-alta-qualita-500-ml-300-ml\/#primaryimage\",\"url\":\"https:\/\/veohome.com\/it\/wp-content\/uploads\/sites\/5\/2023\/09\/1.jpg\",\"contentUrl\":\"https:\/\/veohome.com\/it\/wp-content\/uploads\/sites\/5\/2023\/09\/1.jpg\",\"width\":1800,\"height\":1800},{\"@type\":\"BreadcrumbList\",\"@id\":\"https:\/\/veohome.com\/it\/produit\/cafettiera-italiana-inox-di-alta-qualita-500-ml-300-ml\/#breadcrumb\",\"itemListElement\":[{\"@type\":\"ListItem\",\"position\":1,\"name\":\"Accueil\",\"item\":\"https:\/\/veohome.com\/it\/\"},{\"@type\":\"ListItem\",\"position\":2,\"name\":\"Prodotti\",\"item\":\"https:\/\/veohome.com\/it\/shop\/\"},{\"@type\":\"ListItem\",\"position\":3,\"name\":\"Cafettiera Italiana Inox di Alta Qualit\u00e0 &#8211; 500 mL \/ 300 mL\"}]},{\"@type\":\"WebSite\",\"@id\":\"https:\/\/veohome.com\/it\/#website\",\"url\":\"https:\/\/veohome.com\/it\/\",\"name\":\"VeoHome IT\",\"description\":\"\",\"potentialAction\":[{\"@type\":\"SearchAction\",\"target\":{\"@type\":\"EntryPoint\",\"urlTemplate\":\"https:\/\/veohome.com\/it\/?s={search_term_string}\"},\"query-input\":{\"@type\":\"PropertyValueSpecification\",\"valueRequired\":true,\"valueName\":\"search_term_string\"}}],\"inLanguage\":\"it-IT\"}]}<\/script>\n<!-- \/ Yoast SEO plugin. -->","yoast_head_json":{"title":"Cafettiera Italiana Inox di Alta Qualit\u00e0 - 500 mL \/ 300 mL - VeoHome IT","robots":{"index":"index","follow":"follow","max-snippet":"max-snippet:-1","max-image-preview":"max-image-preview:large","max-video-preview":"max-video-preview:-1"},"canonical":"https:\/\/veohome.com\/it\/produit\/cafettiera-italiana-inox-di-alta-qualita-500-ml-300-ml\/","og_locale":"it_IT","og_type":"article","og_title":"Cafettiera Italiana Inox di Alta Qualit\u00e0 - 500 mL \/ 300 mL - VeoHome IT","og_description":"Caff\u00e8 d'Eccezione: Gustate un caff\u00e8 intenso e aromatico come se foste in Italia, perfetto per gli amanti del buon caff\u00e8. Eco-Responsabile: Nessun filtro di carta, nessuna capsula, realizzato in acciaio inossidabile per proteggere il pianeta e la vostra salute. Pratica &amp; Versatile: Funziona su tutti i tipi di fornelli \u2013 a gas, elettrici, a induzione e in vitroceramica. Inossidabile &amp; Indistruttibile: Realizzata in acciaio inossidabile di alta qualit\u00e0, progettata per durare tutta una vita. Grande Capacit\u00e0: Disponibile in due dimensioni, 500 mL per 10 piccole tazze o 5 tazze normali e 300 mL per porzioni pi\u00f9 piccole. Garanzia di 2 Anni: Assistenza clienti 7 giorni su 7 e soddisfatti o rimborsati entro 25 giorni.","og_url":"https:\/\/veohome.com\/it\/produit\/cafettiera-italiana-inox-di-alta-qualita-500-ml-300-ml\/","og_site_name":"VeoHome IT","article_modified_time":"2026-01-05T18:15:07+00:00","og_image":[{"width":1800,"height":1800,"url":"https:\/\/veohome.com\/it\/wp-content\/uploads\/sites\/5\/2023\/09\/1.jpg","type":"image\/jpeg"}],"twitter_card":"summary_large_image","twitter_misc":{"Tempo di lettura stimato":"1 minuto"},"schema":{"@context":"https:\/\/schema.org","@graph":[{"@type":"WebPage","@id":"https:\/\/veohome.com\/it\/produit\/cafettiera-italiana-inox-di-alta-qualita-500-ml-300-ml\/","url":"https:\/\/veohome.com\/it\/produit\/cafettiera-italiana-inox-di-alta-qualita-500-ml-300-ml\/","name":"Cafettiera Italiana Inox di Alta Qualit\u00e0 - 500 mL \/ 300 mL - VeoHome IT","isPartOf":{"@id":"https:\/\/veohome.com\/it\/#website"},"primaryImageOfPage":{"@id":"https:\/\/veohome.com\/it\/produit\/cafettiera-italiana-inox-di-alta-qualita-500-ml-300-ml\/#primaryimage"},"image":{"@id":"https:\/\/veohome.com\/it\/produit\/cafettiera-italiana-inox-di-alta-qualita-500-ml-300-ml\/#primaryimage"},"thumbnailUrl":"https:\/\/veohome.com\/it\/wp-content\/uploads\/sites\/5\/2023\/09\/1.jpg","datePublished":"2023-09-27T06:54:34+00:00","dateModified":"2026-01-05T18:15:07+00:00","breadcrumb":{"@id":"https:\/\/veohome.com\/it\/produit\/cafettiera-italiana-inox-di-alta-qualita-500-ml-300-ml\/#breadcrumb"},"inLanguage":"it-IT","potentialAction":[{"@type":"ReadAction","target":["https:\/\/veohome.com\/it\/produit\/cafettiera-italiana-inox-di-alta-qualita-500-ml-300-ml\/"]}]},{"@type":"ImageObject","inLanguage":"it-IT","@id":"https:\/\/veohome.com\/it\/produit\/cafettiera-italiana-inox-di-alta-qualita-500-ml-300-ml\/#primaryimage","url":"https:\/\/veohome.com\/it\/wp-content\/uploads\/sites\/5\/2023\/09\/1.jpg","contentUrl":"https:\/\/veohome.com\/it\/wp-content\/uploads\/sites\/5\/2023\/09\/1.jpg","width":1800,"height":1800},{"@type":"BreadcrumbList","@id":"https:\/\/veohome.com\/it\/produit\/cafettiera-italiana-inox-di-alta-qualita-500-ml-300-ml\/#breadcrumb","itemListElement":[{"@type":"ListItem","position":1,"name":"Accueil","item":"https:\/\/veohome.com\/it\/"},{"@type":"ListItem","position":2,"name":"Prodotti","item":"https:\/\/veohome.com\/it\/shop\/"},{"@type":"ListItem","position":3,"name":"Cafettiera Italiana Inox di Alta Qualit\u00e0 &#8211; 500 mL \/ 300 mL"}]},{"@type":"WebSite","@id":"https:\/\/veohome.com\/it\/#website","url":"https:\/\/veohome.com\/it\/","name":"VeoHome IT","description":"","potentialAction":[{"@type":"SearchAction","target":{"@type":"EntryPoint","urlTemplate":"https:\/\/veohome.com\/it\/?s={search_term_string}"},"query-input":{"@type":"PropertyValueSpecification","valueRequired":true,"valueName":"search_term_string"}}],"inLanguage":"it-IT"}]}},"_links":{"self":[{"href":"https:\/\/veohome.com\/it\/wp-json\/wp\/v2\/product\/404","targetHints":{"allow":["GET"]}}],"collection":[{"href":"https:\/\/veohome.com\/it\/wp-json\/wp\/v2\/product"}],"about":[{"href":"https:\/\/veohome.com\/it\/wp-json\/wp\/v2\/types\/product"}],"replies":[{"embeddable":true,"href":"https:\/\/veohome.com\/it\/wp-json\/wp\/v2\/comments?post=404"}],"wp:featuredmedia":[{"embeddable":true,"href":"https:\/\/veohome.com\/it\/wp-json\/wp\/v2\/media\/405"}],"wp:attachment":[{"href":"https:\/\/veohome.com\/it\/wp-json\/wp\/v2\/media?parent=404"}],"wp:term":[{"taxonomy":"product_brand","embeddable":true,"href":"https:\/\/veohome.com\/it\/wp-json\/wp\/v2\/product_brand?post=404"},{"taxonomy":"product_cat","embeddable":true,"href":"https:\/\/veohome.com\/it\/wp-json\/wp\/v2\/product_cat?post=404"},{"taxonomy":"product_tag","embeddable":true,"href":"https:\/\/veohome.com\/it\/wp-json\/wp\/v2\/product_tag?post=404"}],"curies":[{"name":"wp","href":"https:\/\/api.w.org\/{rel}","templated":true}]}}