{"id":5,"date":"2018-06-21T09:24:57","date_gmt":"2018-06-21T07:24:57","guid":{"rendered":"https:\/\/veohome.com\/it\/?post_type=product&#038;p=5"},"modified":"2026-04-30T09:03:18","modified_gmt":"2026-04-30T07:03:18","slug":"caffettiera-a-pistone","status":"publish","type":"product","link":"https:\/\/veohome.com\/it\/produit\/caffettiera-a-pistone\/","title":{"rendered":"Caffettiera a Pistone"},"content":{"rendered":"<p>&nbsp;<\/p>\n<h1>Il sistema a pistone, un sistema vecchio di un secolo e mezzo, sviluppato dai francesi, e sempre utilizzato dai professionisti.<\/h1>\n<p><img decoding=\"async\" src=\"https:\/\/veohome.com\/it\/wp-content\/uploads\/sites\/5\/2018\/06\/14.png\" alt=\"14\" \/><\/p>\n<p><img decoding=\"async\" src=\"https:\/\/veohome.com\/wp-content\/uploads\/2017\/02\/Logo-noir.png\" alt=\"\" width=\"50\" \/><strong>Il gusto del vero caff\u00e8 <\/strong>Gli assaggiatori di caff\u00e8 professionisti usano la caffettiera a pistone per la sua capacit\u00e0 di sublimare il gusto del caff\u00e8. Un sistema vecchio di 150 anni che abbiamo perfezionato con la Caffettiera.<\/p>\n<p><img decoding=\"async\" src=\"https:\/\/veohome.com\/it\/wp-content\/uploads\/sites\/5\/2018\/06\/7.jpg\" alt=\"7\" \/><\/p>\n<p><img decoding=\"async\" src=\"https:\/\/veohome.com\/wp-content\/uploads\/2017\/02\/Logo-noir.png\" alt=\"\" width=\"50\" \/><strong>Solida e resistente:\u00a0<\/strong>Abbiamo scelto per voi la migliore qualit\u00e0 dell&#8217;acciaio inossidabile affinch\u00e9 la vostra caffettiera VeoHome non si rompa, non si arrugginisca e vi accompagni per molti anni a casa.<\/p>\n<p><img decoding=\"async\" src=\"https:\/\/veohome.com\/it\/wp-content\/uploads\/sites\/5\/2018\/06\/13.png\" alt=\"13\" \/><\/p>\n<p><img decoding=\"async\" src=\"https:\/\/veohome.com\/wp-content\/uploads\/2017\/02\/Logo-noir.png\" alt=\"\" width=\"50\" \/><strong> Utilizzo semplice:<\/strong>Il vostro caff\u00e8 preferito a portata di mano! Con una semplice spinta del pistone otterrete il caff\u00e8 perfetto adattato ai vostri gusti e ai vostri desideri<\/p>\n<p><img decoding=\"async\" src=\"https:\/\/veohome.com\/it\/wp-content\/uploads\/sites\/5\/2018\/06\/17.png\" alt=\"17\" \/><\/p>\n<p><img decoding=\"async\" src=\"https:\/\/veohome.com\/wp-content\/uploads\/2017\/02\/Logo-noir.png\" alt=\"\" width=\"50\" \/><strong>Ecologica ed Economica:<\/strong>Rinunciate a imballaggi inutili che inquinano il nostro pianeta! La Caffettiera VeoHome si usa con caff\u00e8 macinato convenzionale, pi\u00f9 economico delle capsule monouso. \u00c8 manuale al 100%, quindi ecologica ed economica allo stesso tempo.<\/p>\n<p><img decoding=\"async\" src=\"https:\/\/veohome.com\/it\/wp-content\/uploads\/sites\/5\/2018\/06\/300Nvx-Moul-CafP-Cafg-it.jpg\" alt=\"300Nvx Moul CafP Cafg it\" \/><\/p>\n<p><img decoding=\"async\" src=\"https:\/\/veohome.com\/wp-content\/uploads\/2017\/02\/Logo-noir.png\" alt=\"\" width=\"50\" \/><strong> Design elegante e funzionale:<\/strong> : Con la sua doppia parete in acciaio, la Caffetteria VeoHome mantiene il caff\u00e8 al caldo pi\u00f9 a lungo limitando i rischi di bruciatura. Il suo colore acciaio che non passa mai di moda ed il suo stile elegante la renderanno la star della vostra cucina.<\/p>\n<hr \/>\n<hr \/>\n<h1 style=\"text-align: center\">I NOSTRI IMPEGNI<\/h1>\n<hr \/>\n<p style=\"text-align: center\"><strong>Garanzia Soddisfatti o Rimborsati!<\/strong><\/p>\n<hr \/>\n<p style=\"text-align: center\">Potrete cambiare idea al di sotto dei 30 giorni e restituire il prodotto per un rimborso<\/p>\n<hr \/>\n<p style=\"text-align: center\"><strong>Supporto Clienti reattivo ed all\u2019ascolto!<\/strong><\/p>\n<hr \/>\n<p style=\"text-align: center\">Ogni domanda, o problema avr\u00e0 la sua risposta al di sotto delle 24 ore, 7 giorni su 7 sempre con il sorriso!<\/p>\n<hr \/>\n<p style=\"text-align: center\"><strong>Pagamento e dati sicuri!<\/strong><\/p>\n<hr \/>\n<p style=\"text-align: center\">Con noi, i vostri dati personali e bancari sono al sicuro! Avrete la possibilit\u00e0 di pagare con la carta o con Paypal.<\/p>\n","protected":false},"excerpt":{"rendered":"<p style=\"line-height: 11pt;font-size: 16px\"><strong><span class=\"a-list-item\">\u2705\u00a0<\/span>Ormai berrete dei veri caff\u00e8 buoni,<\/strong><\/p>\n<p style=\"padding-left: 30px;line-height: 11pt\">Non per niente gli assaggiatori di caff\u00e8 professionisti usano macchine per caff\u00e8 a pistone.<\/p>\n<p style=\"line-height: 11pt;font-size: 16px\"><strong><span class=\"a-list-item\">\u2705 <\/span>Il vostro caff\u00e8 non sar\u00e0 pi\u00f9 freddo,<\/strong>,<\/p>\n<p style=\"padding-left: 30px;line-height: 11pt\">Grazie alla sua doppia parete, il caff\u00e8 resta caldo a lungo e voi non vi brucerete toccandolo.<\/p>\n<p style=\"line-height: 11pt;font-size: 16px\"><strong><span class=\"a-list-item\">\u2705 <\/span>La vostra caffetteria durer\u00e0 tutta la vita,<\/strong><\/p>\n<p style=\"padding-left: 30px;line-height: 11pt\">Grazie alla sua produzione in acciaio inossidabile di alta qualit\u00e0, impossibile che si rompa.<\/p>\n<p style=\"line-height: 11pt;font-size: 16px\"><strong><span class=\"a-list-item\">\u2705 <\/span>Preparerete il vostro caff\u00e8 in pochi minuti,<\/strong><\/p>\n<p style=\"padding-left: 30px;line-height: 11pt\">Il suo utilizzo \u00e8 ultra semplice.<\/p>\n<p style=\"line-height: 11pt;font-size: 16px\"><strong><span class=\"a-list-item\">\u2705 <\/span>Potrete metterla in lavastoviglie,<\/strong><\/p>\n<p style=\"padding-left: 30px;line-height: 11pt\">o lavarla in due minuti a mano<\/p>\n","protected":false},"featured_media":100,"comment_status":"open","ping_status":"closed","template":"","meta":{"kt_blocks_editor_width":""},"product_brand":[],"product_cat":[15],"product_tag":[],"class_list":{"0":"post-5","1":"product","2":"type-product","3":"status-publish","4":"has-post-thumbnail","6":"product_cat-non-classe","8":"first","9":"instock","10":"taxable","11":"shipping-taxable","12":"purchasable","13":"product-type-variable","14":"has-default-attributes"},"yoast_head":"<!-- This site is optimized with the Yoast SEO plugin v27.2 - https:\/\/yoast.com\/product\/yoast-seo-wordpress\/ -->\n<title>Caffettiera a Pistone - VeoHome IT<\/title>\n<meta name=\"robots\" content=\"index, follow, max-snippet:-1, max-image-preview:large, max-video-preview:-1\" \/>\n<link rel=\"canonical\" href=\"https:\/\/veohome.com\/it\/produit\/caffettiera-a-pistone\/\" \/>\n<meta property=\"og:locale\" content=\"it_IT\" \/>\n<meta property=\"og:type\" content=\"article\" \/>\n<meta property=\"og:title\" content=\"Caffettiera a Pistone - VeoHome IT\" \/>\n<meta property=\"og:description\" content=\"\u2705\u00a0Ormai berrete dei veri caff\u00e8 buoni, Non per niente gli assaggiatori di caff\u00e8 professionisti usano macchine per caff\u00e8 a pistone. \u2705 Il vostro caff\u00e8 non sar\u00e0 pi\u00f9 freddo,, Grazie alla sua doppia parete, il caff\u00e8 resta caldo a lungo e voi non vi brucerete toccandolo. \u2705 La vostra caffetteria durer\u00e0 tutta la vita, Grazie alla sua produzione in acciaio inossidabile di alta qualit\u00e0, impossibile che si rompa. \u2705 Preparerete il vostro caff\u00e8 in pochi minuti, Il suo utilizzo \u00e8 ultra semplice. \u2705 Potrete metterla in lavastoviglie, o lavarla in due minuti a mano\" \/>\n<meta property=\"og:url\" content=\"https:\/\/veohome.com\/it\/produit\/caffettiera-a-pistone\/\" \/>\n<meta property=\"og:site_name\" content=\"VeoHome IT\" \/>\n<meta property=\"article:modified_time\" content=\"2026-04-30T07:03:18+00:00\" \/>\n<meta property=\"og:image\" content=\"https:\/\/veohome.com\/it\/wp-content\/uploads\/sites\/5\/2018\/06\/1-new.jpg\" \/>\n\t<meta property=\"og:image:width\" content=\"2000\" \/>\n\t<meta property=\"og:image:height\" content=\"2000\" \/>\n\t<meta property=\"og:image:type\" content=\"image\/jpeg\" \/>\n<meta name=\"twitter:card\" content=\"summary_large_image\" \/>\n<meta name=\"twitter:label1\" content=\"Tempo di lettura stimato\" \/>\n\t<meta name=\"twitter:data1\" content=\"4 minuti\" \/>\n<script type=\"application\/ld+json\" class=\"yoast-schema-graph\">{\"@context\":\"https:\/\/schema.org\",\"@graph\":[{\"@type\":\"WebPage\",\"@id\":\"https:\/\/veohome.com\/it\/produit\/caffettiera-a-pistone\/\",\"url\":\"https:\/\/veohome.com\/it\/produit\/caffettiera-a-pistone\/\",\"name\":\"Caffettiera a Pistone - VeoHome IT\",\"isPartOf\":{\"@id\":\"https:\/\/veohome.com\/it\/#website\"},\"primaryImageOfPage\":{\"@id\":\"https:\/\/veohome.com\/it\/produit\/caffettiera-a-pistone\/#primaryimage\"},\"image\":{\"@id\":\"https:\/\/veohome.com\/it\/produit\/caffettiera-a-pistone\/#primaryimage\"},\"thumbnailUrl\":\"https:\/\/veohome.com\/it\/wp-content\/uploads\/sites\/5\/2018\/06\/1-new.jpg\",\"datePublished\":\"2018-06-21T07:24:57+00:00\",\"dateModified\":\"2026-04-30T07:03:18+00:00\",\"breadcrumb\":{\"@id\":\"https:\/\/veohome.com\/it\/produit\/caffettiera-a-pistone\/#breadcrumb\"},\"inLanguage\":\"it-IT\",\"potentialAction\":[{\"@type\":\"ReadAction\",\"target\":[\"https:\/\/veohome.com\/it\/produit\/caffettiera-a-pistone\/\"]}]},{\"@type\":\"ImageObject\",\"inLanguage\":\"it-IT\",\"@id\":\"https:\/\/veohome.com\/it\/produit\/caffettiera-a-pistone\/#primaryimage\",\"url\":\"https:\/\/veohome.com\/it\/wp-content\/uploads\/sites\/5\/2018\/06\/1-new.jpg\",\"contentUrl\":\"https:\/\/veohome.com\/it\/wp-content\/uploads\/sites\/5\/2018\/06\/1-new.jpg\",\"width\":2000,\"height\":2000},{\"@type\":\"BreadcrumbList\",\"@id\":\"https:\/\/veohome.com\/it\/produit\/caffettiera-a-pistone\/#breadcrumb\",\"itemListElement\":[{\"@type\":\"ListItem\",\"position\":1,\"name\":\"Accueil\",\"item\":\"https:\/\/veohome.com\/it\/\"},{\"@type\":\"ListItem\",\"position\":2,\"name\":\"Prodotti\",\"item\":\"https:\/\/veohome.com\/it\/shop\/\"},{\"@type\":\"ListItem\",\"position\":3,\"name\":\"Caffettiera a Pistone\"}]},{\"@type\":\"WebSite\",\"@id\":\"https:\/\/veohome.com\/it\/#website\",\"url\":\"https:\/\/veohome.com\/it\/\",\"name\":\"VeoHome IT\",\"description\":\"\",\"potentialAction\":[{\"@type\":\"SearchAction\",\"target\":{\"@type\":\"EntryPoint\",\"urlTemplate\":\"https:\/\/veohome.com\/it\/?s={search_term_string}\"},\"query-input\":{\"@type\":\"PropertyValueSpecification\",\"valueRequired\":true,\"valueName\":\"search_term_string\"}}],\"inLanguage\":\"it-IT\"}]}<\/script>\n<!-- \/ Yoast SEO plugin. -->","yoast_head_json":{"title":"Caffettiera a Pistone - VeoHome IT","robots":{"index":"index","follow":"follow","max-snippet":"max-snippet:-1","max-image-preview":"max-image-preview:large","max-video-preview":"max-video-preview:-1"},"canonical":"https:\/\/veohome.com\/it\/produit\/caffettiera-a-pistone\/","og_locale":"it_IT","og_type":"article","og_title":"Caffettiera a Pistone - VeoHome IT","og_description":"\u2705\u00a0Ormai berrete dei veri caff\u00e8 buoni, Non per niente gli assaggiatori di caff\u00e8 professionisti usano macchine per caff\u00e8 a pistone. \u2705 Il vostro caff\u00e8 non sar\u00e0 pi\u00f9 freddo,, Grazie alla sua doppia parete, il caff\u00e8 resta caldo a lungo e voi non vi brucerete toccandolo. \u2705 La vostra caffetteria durer\u00e0 tutta la vita, Grazie alla sua produzione in acciaio inossidabile di alta qualit\u00e0, impossibile che si rompa. \u2705 Preparerete il vostro caff\u00e8 in pochi minuti, Il suo utilizzo \u00e8 ultra semplice. \u2705 Potrete metterla in lavastoviglie, o lavarla in due minuti a mano","og_url":"https:\/\/veohome.com\/it\/produit\/caffettiera-a-pistone\/","og_site_name":"VeoHome IT","article_modified_time":"2026-04-30T07:03:18+00:00","og_image":[{"width":2000,"height":2000,"url":"https:\/\/veohome.com\/it\/wp-content\/uploads\/sites\/5\/2018\/06\/1-new.jpg","type":"image\/jpeg"}],"twitter_card":"summary_large_image","twitter_misc":{"Tempo di lettura stimato":"4 minuti"},"schema":{"@context":"https:\/\/schema.org","@graph":[{"@type":"WebPage","@id":"https:\/\/veohome.com\/it\/produit\/caffettiera-a-pistone\/","url":"https:\/\/veohome.com\/it\/produit\/caffettiera-a-pistone\/","name":"Caffettiera a Pistone - VeoHome IT","isPartOf":{"@id":"https:\/\/veohome.com\/it\/#website"},"primaryImageOfPage":{"@id":"https:\/\/veohome.com\/it\/produit\/caffettiera-a-pistone\/#primaryimage"},"image":{"@id":"https:\/\/veohome.com\/it\/produit\/caffettiera-a-pistone\/#primaryimage"},"thumbnailUrl":"https:\/\/veohome.com\/it\/wp-content\/uploads\/sites\/5\/2018\/06\/1-new.jpg","datePublished":"2018-06-21T07:24:57+00:00","dateModified":"2026-04-30T07:03:18+00:00","breadcrumb":{"@id":"https:\/\/veohome.com\/it\/produit\/caffettiera-a-pistone\/#breadcrumb"},"inLanguage":"it-IT","potentialAction":[{"@type":"ReadAction","target":["https:\/\/veohome.com\/it\/produit\/caffettiera-a-pistone\/"]}]},{"@type":"ImageObject","inLanguage":"it-IT","@id":"https:\/\/veohome.com\/it\/produit\/caffettiera-a-pistone\/#primaryimage","url":"https:\/\/veohome.com\/it\/wp-content\/uploads\/sites\/5\/2018\/06\/1-new.jpg","contentUrl":"https:\/\/veohome.com\/it\/wp-content\/uploads\/sites\/5\/2018\/06\/1-new.jpg","width":2000,"height":2000},{"@type":"BreadcrumbList","@id":"https:\/\/veohome.com\/it\/produit\/caffettiera-a-pistone\/#breadcrumb","itemListElement":[{"@type":"ListItem","position":1,"name":"Accueil","item":"https:\/\/veohome.com\/it\/"},{"@type":"ListItem","position":2,"name":"Prodotti","item":"https:\/\/veohome.com\/it\/shop\/"},{"@type":"ListItem","position":3,"name":"Caffettiera a Pistone"}]},{"@type":"WebSite","@id":"https:\/\/veohome.com\/it\/#website","url":"https:\/\/veohome.com\/it\/","name":"VeoHome IT","description":"","potentialAction":[{"@type":"SearchAction","target":{"@type":"EntryPoint","urlTemplate":"https:\/\/veohome.com\/it\/?s={search_term_string}"},"query-input":{"@type":"PropertyValueSpecification","valueRequired":true,"valueName":"search_term_string"}}],"inLanguage":"it-IT"}]}},"_links":{"self":[{"href":"https:\/\/veohome.com\/it\/wp-json\/wp\/v2\/product\/5","targetHints":{"allow":["GET"]}}],"collection":[{"href":"https:\/\/veohome.com\/it\/wp-json\/wp\/v2\/product"}],"about":[{"href":"https:\/\/veohome.com\/it\/wp-json\/wp\/v2\/types\/product"}],"replies":[{"embeddable":true,"href":"https:\/\/veohome.com\/it\/wp-json\/wp\/v2\/comments?post=5"}],"wp:featuredmedia":[{"embeddable":true,"href":"https:\/\/veohome.com\/it\/wp-json\/wp\/v2\/media\/100"}],"wp:attachment":[{"href":"https:\/\/veohome.com\/it\/wp-json\/wp\/v2\/media?parent=5"}],"wp:term":[{"taxonomy":"product_brand","embeddable":true,"href":"https:\/\/veohome.com\/it\/wp-json\/wp\/v2\/product_brand?post=5"},{"taxonomy":"product_cat","embeddable":true,"href":"https:\/\/veohome.com\/it\/wp-json\/wp\/v2\/product_cat?post=5"},{"taxonomy":"product_tag","embeddable":true,"href":"https:\/\/veohome.com\/it\/wp-json\/wp\/v2\/product_tag?post=5"}],"curies":[{"name":"wp","href":"https:\/\/api.w.org\/{rel}","templated":true}]}}